{"id":137,"date":"2018-08-03T17:21:30","date_gmt":"2018-08-03T17:21:30","guid":{"rendered":"http:\/\/cilane.cluster012.ovh.net\/?page_id=137"},"modified":"2021-03-27T15:26:14","modified_gmt":"2021-03-27T15:26:14","slug":"belgique","status":"publish","type":"page","link":"https:\/\/cilane.eu\/fr\/what-is-cilane\/member-associations\/associations-list\/belgique\/","title":{"rendered":"Belgique"},"content":{"rendered":"<div align=\"right\"><a href=\"#ENG\">ENG<\/a><\/div>\n<h2>Situation de la noblesse en Belgique<\/h2>\n<p align=\"justify\">L&#8217;article 113 (ancien article 75) de la Constitution belge stipule que le Roi peut accorder des faveurs nobiliaires sans toutefois pouvoir y attacher un quelconque privil\u00e8ge.<\/p>\n<p align=\"justify\">La Noblesse est reconnue par la loi et le droit nobiliaire belge stipule quels titres nobiliaires peuvent \u00eatre port\u00e9s et dans quelles conditions la Noblesse et les titres peuvent \u00eatre transmis d&#8217;une g\u00e9n\u00e9ration \u00e0 une autre. De nos jours, il y a en Belgique environ 1300 familles nobles, dont environ 400 \u00e9taient d\u00e9j\u00e0 nobles sous l&#8217;Ancien R\u00e9gime.<\/p>\n<p align=\"justify\">Le Roi fait usage de son droit d&#8217;accorder des faveurs nobiliaires. Pour l&#8217;octroi de ces faveurs, Il se fait assister par une Commission d&#8217;Avis qui Lui soumet les noms de personnes qui pourraient en b\u00e9n\u00e9ficier, en raison de leur conduite et de leur rayonnement. Le Roi peut \u00e9galement de sa propre initiative (motu proprio) honorer des personnes qui ne figurent pas sur la liste qui lui est soumise. Durant Son r\u00e8gne (1950-1993) le Roi Baudouin a accord\u00e9 des faveurs nobiliaires (anoblissements et autres faveurs) \u00e0 489 personnes.<\/p>\n<p align=\"justify\">Pour \u00eatre reconnue officiellement, une faveur nobiliaire doit \u00eatre confirm\u00e9e par une Lettre Patente \u00e0 laquelle s&#8217;ajoute le paiement des droits d&#8217;enregistrement. C&#8217;est le Service de la Noblesse au Minist\u00e8re des Affaires Etrang\u00e8res qui est comp\u00e9tent pour ces mati\u00e8res.<\/p>\n<p><img decoding=\"async\" class=\"aligncenter wp-image-1939 size-thumbnail\" src=\"https:\/\/cilane.eu\/wp-content\/uploads\/2020\/07\/ANRB-150x150.jpg\" alt=\"\" width=\"150\" height=\"150\" srcset=\"https:\/\/cilane.eu\/wp-content\/uploads\/2020\/07\/ANRB-150x150.jpg 150w, https:\/\/cilane.eu\/wp-content\/uploads\/2020\/07\/ANRB-300x300.jpg 300w, https:\/\/cilane.eu\/wp-content\/uploads\/2020\/07\/ANRB-100x100.jpg 100w\" sizes=\"(max-width: 150px) 100vw, 150px\" \/><\/p>\n<h2>L&#8217;Association de la Noblesse du Royaume de Belgique (ANRB)<\/h2>\n<p align=\"justify\">L&#8217;Association de la Noblesse du Royaume de Belgique (ANRB) est une association sans but lucratif (asbl) cr\u00e9\u00e9e en 1936. Les fondateurs voulaient assurer le maintien du patrimoine moral acquis par la noblesse, la d\u00e9fense des int\u00e9r\u00eats communs, et l&#8217;aide aux membres en difficult\u00e9.<\/p>\n<p align=\"justify\">L&#8217;article 4 des statuts pr\u00e9voit que &#8220;L&#8217;association a pour objet d&#8217;\u00e9tablir un lien entre les membres de la noblesse belge, d&#8217;entretenir parmi eux les sentiments d&#8217;entraide et de solidarit\u00e9, de maintenir chez eux l&#8217;id\u00e9al social et l&#8217;esprit de devoir qui sont l&#8217;un des apanages de la noblesse, ainsi que de sauvegarder, dans la mesure la plus large, leurs int\u00e9r\u00eats communs.&#8221;<\/p>\n<p align=\"justify\">La cr\u00e9ation de l&#8217;Association fut tr\u00e8s bien accueillie et un an apr\u00e8s, elle comptait d\u00e9j\u00e0 1200 membres. Depuis lors, le nombre n&#8217;a cess\u00e9 d&#8217;augmenter pour arriver actuellement \u00e0 12000 membres. Pratiquement tous les chefs de m\u00e9nage des familles nobles sont membres, s&#8217;y ajoutent les isol\u00e9s, les \u00e9pouses et les enfants.<\/p>\n<hr id=\"ENG\" \/>\n<h2>History of the nobility in Belgium<\/h2>\n<p align=\"justify\">In Belgium, as in many other regions of Europe, the most ancient nobility appeared before the period when sovereigns began to practise an ennoblement policy. This started in Belgium with the Dukes of Bourgogne, in 14<sup>th<\/sup> and 15<sup>th<\/sup> centuries. Later, an edict of 1595 excluded any ascent to nobility except for those who were granted of patent letters, at first by the Habsbourg of Spain, then by those of Austria, which successively reigned in our region at that time.<\/p>\n<p align=\"justify\">After nobility was abolished in 1795, consecutive to the French Revolution, a procedure of recognition of the ancient nobility was established when Belgium and current Netherlands were gathered under the scepter of King Willem. Then, after the separation and independence in 1830, the Belgian constitution gave the King the power and a total freedom to ennoble and to grant titles, without being able to attach any privilege to it.<\/p>\n<p align=\"justify\">In diverse degrees and until this day, the successive sovereigns made use of this power. The result of this evolution is that the nobility, registered in the fundamental law of the country, is protected and very rare are the non-noble persons who dare pretend being noble. Nevertheless it already happened that politicians suggested that the status of the nobility should be eliminated.<\/p>\n<p align=\"justify\">The exact number of noble people in Belgium is not known, but is close to 0,2 % of the population of the country. The existing titles are the ones of duke, prince, marquee, count, viscount, baron and knight. The name of male non-titled noble persons is, in Dutch language, rather often preceded by the predicate of &#8220;Jonkheer&#8221;.<\/p>\n<p><img decoding=\"async\" class=\"aligncenter wp-image-1939 size-thumbnail\" src=\"https:\/\/cilane.eu\/wp-content\/uploads\/2020\/07\/ANRB-150x150.jpg\" alt=\"\" width=\"150\" height=\"150\" srcset=\"https:\/\/cilane.eu\/wp-content\/uploads\/2020\/07\/ANRB-150x150.jpg 150w, https:\/\/cilane.eu\/wp-content\/uploads\/2020\/07\/ANRB-300x300.jpg 300w, https:\/\/cilane.eu\/wp-content\/uploads\/2020\/07\/ANRB-100x100.jpg 100w\" sizes=\"(max-width: 150px) 100vw, 150px\" \/><\/p>\n<h2>History of the Nobility Association of the Kingdom of Belgium<\/h2>\n<p align=\"justify\">The Nobility Association of the Kingdom of Belgium (A.N.R.B &#8211; V.A.K.B.) was born in 1936 thanks to a small group of clear-sighted noble persons, members of the order of Malta for most of them. Their concern was double:<\/p>\n<div align=\"justify\">\n<ul>\n<li>On one hand, it was obvious that the evolution of the society, the consequences of the first world war, the inflation, the big economic crisis of 1929 and the recession of the profitability of the rural properties had very hardly affected the conditions of existence of the nobility ;<\/li>\n<li>On the other hand, for the clear-sighted spirits, it was clear that the insertion of nobility into the professional world had become an inevitable necessity. Moreover, wasn\u2019t it in this domain that would have to be shown in the future the sense of duty and service so characteristic of nobility? These considerations were fundamental.<\/li>\n<\/ul>\n<\/div>\n<p align=\"justify\">Today, the Association owns a beautiful building in Brussels and is installed in it. There are about 15.000 members, which represents more than two thirds of Belgian nobility, and it is member of CILANE since the origin of this last one.<\/p>\n<p align=\"justify\">The activities of the Nobility Association are multiple: two publications, conferences, an assistance organization to deprived noble persons, a youth club, a library and an iconographic office, a permanent secretariat, etc.<\/p>\n<h2>History of the youth club (<em>Club des Jeunes<\/em>)<\/h2>\n<p align=\"justify\">The <em>Club des Jeunes<\/em> (CJ) was established in 1946, ten years after the Nobility Association was created, which makes it the oldest youth club of CILANE and is gathering together its members aged from 18 to 35 around diverse activities. It has counted more than 1.000 members a few years ago. At the acquisition of its building by the Nobility Association, a large room, located in the basement, was attributed to the exclusive use of the CJ, allowing it to organize of numerous drinks and parties for its members.<\/p>\n<p align=\"justify\">The activities of the club are very varied: clay shooting, automobile rallies, classical music concerts, social activities, conferences collecting high-quality speakers (ambassadors, cardinals, economists, journalists, etc.) But, the highest topic on the calendar remains unmistakably the ball and the CILANE International Week-End (IWE).<\/p>\n<p align=\"justify\">For a long time, the CJ organized its own youth ball in different places of Brussels, a couple of weeks before the huge Nobility Association\u2019s ball, at <em>Concert Noble<\/em>. It was in this occasion that a CILANE IWE was organized. But, several years ago, it has been decided that the IWE would be held at the same time as the huge nobility ball (the quadrille is always opened by members of the CJ), for everyone\u2019s greatest pleasure. Indeed, with the arrival of all the young CILANE participants, Belgians are happy their ball looks much younger now, and CILANE guests now have the opportunity to attend the only ball which gathers together every year more than 800 people exclusively from nobility in Europe.<\/p>","protected":false},"excerpt":{"rendered":"<p>ENG Situation de la noblesse en Belgique L&#8217;article 113 (ancien article 75) de la Constitution belge stipule que le Roi&hellip;<\/p>","protected":false},"author":2,"featured_media":0,"parent":1998,"menu_order":0,"comment_status":"closed","ping_status":"closed","template":"","meta":{"footnotes":""},"class_list":["post-137","page","type-page","status-publish","hentry"],"jetpack_sharing_enabled":true,"_links":{"self":[{"href":"https:\/\/cilane.eu\/fr\/wp-json\/wp\/v2\/pages\/137","targetHints":{"allow":["GET"]}}],"collection":[{"href":"https:\/\/cilane.eu\/fr\/wp-json\/wp\/v2\/pages"}],"about":[{"href":"https:\/\/cilane.eu\/fr\/wp-json\/wp\/v2\/types\/page"}],"author":[{"embeddable":true,"href":"https:\/\/cilane.eu\/fr\/wp-json\/wp\/v2\/users\/2"}],"replies":[{"embeddable":true,"href":"https:\/\/cilane.eu\/fr\/wp-json\/wp\/v2\/comments?post=137"}],"version-history":[{"count":10,"href":"https:\/\/cilane.eu\/fr\/wp-json\/wp\/v2\/pages\/137\/revisions"}],"predecessor-version":[{"id":3016,"href":"https:\/\/cilane.eu\/fr\/wp-json\/wp\/v2\/pages\/137\/revisions\/3016"}],"up":[{"embeddable":true,"href":"https:\/\/cilane.eu\/fr\/wp-json\/wp\/v2\/pages\/1998"}],"wp:attachment":[{"href":"https:\/\/cilane.eu\/fr\/wp-json\/wp\/v2\/media?parent=137"}],"curies":[{"name":"wp","href":"https:\/\/api.w.org\/{rel}","templated":true}]}}