{"id":151,"date":"2018-08-03T17:27:46","date_gmt":"2018-08-03T17:27:46","guid":{"rendered":"http:\/\/cilane.cluster012.ovh.net\/?page_id=151"},"modified":"2020-12-05T17:22:19","modified_gmt":"2020-12-05T17:22:19","slug":"italie","status":"publish","type":"page","link":"https:\/\/cilane.eu\/fr\/what-is-cilane\/member-associations\/associations-list\/italie\/","title":{"rendered":"Italie"},"content":{"rendered":"<div align=\"right\"><a href=\"#IT\">IT<\/a><\/div>\n<p><img decoding=\"async\" class=\"aligncenter wp-image-2212 size-medium\" src=\"https:\/\/cilane.eu\/wp-content\/uploads\/2020\/09\/CNI_logo-300x173.png\" alt=\"\" width=\"261\" height=\"150\" srcset=\"https:\/\/cilane.eu\/wp-content\/uploads\/2020\/09\/CNI_logo-300x173.png 300w, https:\/\/cilane.eu\/wp-content\/uploads\/2020\/09\/CNI_logo-600x345.png 600w, https:\/\/cilane.eu\/wp-content\/uploads\/2020\/09\/CNI_logo-1024x589.png 1024w, https:\/\/cilane.eu\/wp-content\/uploads\/2020\/09\/CNI_logo-768x442.png 768w, https:\/\/cilane.eu\/wp-content\/uploads\/2020\/09\/CNI_logo-1536x884.png 1536w, https:\/\/cilane.eu\/wp-content\/uploads\/2020\/09\/CNI_logo.png 2000w\" sizes=\"(max-width: 261px) 100vw, 261px\" \/><\/p>\n<h1 style=\"text-align: center;\">CORPO DELLA NOBILT&Agrave; ITALIANA<br \/>\nC.N.I.<\/h1>\n<p align=\"justify\">Un groupe de nobles italiens ayant constat\u00e9 qu\u2019apr\u00e8s la chute de la Monarchie en 1946 aucune loi de l\u2019Etat ne tutelait plus les droits nobiliaires (\u201cLes titres nobiliaire ne sont pas reconnus. Les pr\u00e9dicats existents avant 1922 font partie du nom&#8221;), concert\u00e8rent de constituer un association qui eut le but d\u2019acc\u00e9rter les droits historiques des nobles italiens et leur d\u00e9fence.<\/p>\n<p align=\"justify\">Le 3 mars 1957 fut ainsi constitu\u00e9e l\u2019Association des nobles italiens d\u00e8nomm\u00e9e \u201cCorpo della Nobilt\u00e0 Italiana\u201d ou bri\u00e8vement C.N.I., articul\u00e9 en Associations Nobiliaires R\u00e9gionales corr\u00e9spondantes aux d\u00e9partements traditionnels pr\u00e9vus par le R\u00e8glement de l\u2019Etat Nobiliaire Italien: Pi\u00e8mont et Vall\u00e9e d\u2019Aoste; Ligurie; Lombardie; Venise; Trente et Sud Tirol;\u00a0 Venezia Giulia, Istrie et Dalmatie; Parme et Plaisance; Mod\u00e8ne; Toscane; Romagne; Latium, Umbria et Marche; Provinces Napolitaines; Sardaigne et Sicile.<\/p>\n<p align=\"justify\">Le C.N.I.\u00a0 le 1r jenvier 1980 fusionna avec l\u2019Unione della Nobilt\u00e0 Italiana (U.N.I.) constitu\u00e9 en 1951 pour l\u2019entraide des nobles et l\u2019organisations des jeunes, en assument ses fonctions et ses buts.<\/p>\n<p align=\"justify\">Le C.N.I. a son si\u00e8ge a Rome.<\/p>\n<h2><em>Associations Nobiliaires R\u00e9gionales<\/em><\/h2>\n<p align=\"justify\">Les Nobles Italiens et leurs l\u00e9gitimes d\u00e9scendents (hommes et femmes) en ligne masculine, inscrits dans les Listes Officielles de la Noblesse Italienne,\u00a0 ou dans le Livre Historique de la Noblesse Italienne edit\u00e9 par l\u2019Ordre de Malte, ou qui ont eu une disposition nobiliaire jusqu\u2019\u00e0 la cessation des fonctions de la Regia Consulta Araldica, ou une disposition de grace par S.M. Humbert II (jusqu\u2019\u00e0 1983) ou de justice par le CNI, enregistr\u00e9s aupr\u00e8s de chaque Association Nobiliarire, peuvent faire partie des Associations Nobili\u00e8res R\u00e9gionales.<\/p>\n<p align=\"justify\">Chaque Association Nobiliaire R\u00e9gionale peut nommer un Conseil de direction elle est autonome dans la redaction de ses statuts et au niveau de l\u2019organisation, qui ne soit pas en contraste avec le R\u00e8glement du C.N.I., et \u00e9lit, parmi ses Associ\u00e9s, la Commission H\u00e9raldique G\u00e9nealogique R\u00e9gionale, dont les taches sont:<\/p>\n<div align=\"justify\">\n<ul>\n<li>R\u00e9diger, mettre \u00e0 jour et publier le R\u00e9gistre Nobiliaire R\u00e9gionale de sa propre jurisdiction, en int\u00e9grant l\u2019 Elenco Ufficiale della Nobilt\u00e0 del Regno d\u2019Italia.<\/li>\n<li>Examiner les instances provenantes de sa propre jurisdiction et valider les preuves diplomatiques et g\u00e9n\u00e9alogiques qui donnent droit \u00e0 des titres, des pr\u00e9dicats, des qualifications et des traitements nobles et \u00e0 des armoiries, \u00e0 soumettre pour ratification \u00e0 la Commission H\u00e9raldique Centrale (G.A.C.)<\/li>\n<\/ul>\n<\/div>\n<h2><em>Conseil H\u00e9raldique National<\/em><\/h2>\n<p align=\"justify\">Le Conseil H\u00e9raldique National C.A.N. est compos\u00e9 par les membres des 14 Commissions H\u00e9raldiques R\u00e9gionales et par le Pr\u00e9sident du Cercle Juv\u00e9nile. Le C.A.N. a la repr\u00e9sentation de la classe nobiliaire italienne dans ses interets historiques, morales et id\u00e9als, en garantissant la protection de ses traditions et de son patrimoine de m\u00e9moires et d\u2019honneur, avec r\u00e9f\u00e9rence \u00e0 la perp\u00e9tuit\u00e9 des ses valeurs historiques et de sa fonction.<\/p>\n<p align=\"justify\">Le Pr\u00e9sident du C.A.N. a la repr\u00e9sentation du Corpo della Nobilt\u00e0 Italiana et dure en charge 5 ans. L\u2019actuel Pr\u00e9sident est M. le Baron Francesco Sanseverino di Marcellinara.<\/p>\n<h2><em>Bureau de Pr\u00e9sidence du C.A.N.<\/em><\/h2>\n<p align=\"justify\">Le Bureau de Pr\u00e9sidence (U.P.) du Conseil H\u00e9raldique National (C.A.N.) \u00e8st l\u2019organe ex\u00e9cutif du C.N.I.; il est constitu\u00e9 par le Pr\u00e9sident, les Vice-pr\u00e9sidents et le Tr\u00e9sorier du C.A.N., par le Pr\u00e9sident de la Giunta Araldica Centrale (G.A.C.), par le Pr\u00e9sident de la Cour d\u2019Honneur, par le D\u00e9legu\u00e9 \u00e0 la Cilane et, sur invitation chaque fois du Pr\u00e9sident, par le Pr\u00e9sident du Cercle Juv\u00e9nile. Le Bureau d\u00e9cide su les questions d\u2019urgence de comp\u00e9tence du C.A.N. au cas ou il ne soit pas retenu necessaire d\u2019en convoquer une r\u00e9union extraordinaire.<\/p>\n<h2><em>\u201cGiunta\u201d H\u00e9raldique Centrale<\/em><\/h2>\n<p align=\"justify\">La \u201cGiunta\u201d H\u00e9raldique Centrale (G.A.C.) est compos\u00e9 par les d\u00e9legu\u00e9s \u00e9lus par chacune des 14 Commissions H\u00e9raldiques G\u00e9n\u00e9alogiques R\u00e9gionales et par le Pr\u00e9sident \u00e9lu parmi ses membres.<\/p>\n<p align=\"justify\">La \u201cGiunta\u201d H\u00e9raldiques Centrale d\u00e9lib\u00e8re sur les d\u00e9cisions de justice nobiliaires propos\u00e9s par les Commissions H\u00e9raldiques G\u00e9nealogiques R\u00e9gionales ou de son initiative.<\/p>\n<h2><em>\u00a0<\/em><em>Cercle Juv\u00e9nile<\/em><\/h2>\n<p align=\"justify\">Les inscrits aux Associations R\u00e9gionales qui n\u2019ont pas encore atteint l\u2019age de 35 ans, peuvent faire partie du Cercle Juv\u00e9nile qui repr\u00e9sente les \u00e9spoires et le futur du C.N.I.<\/p>\n<p align=\"justify\">Le Cercle \u00e9lit son Pr\u00e9sident parmi ses membres. Le pr\u00e9sident fait partie de droit du C.A.N. et peut participer au Bureau de Pr\u00e9sidence.<\/p>\n<p align=\"justify\">L\u2019assembl\u00e9e des inscrits du Cercle Juv\u00e9nile\u00a0 \u00e9lit un D\u00e9legu\u00e9 propos\u00e9 par chaque Association R\u00e9gionale.<\/p>\n<p align=\"justify\"><em>Publications<\/em><\/p>\n<div align=\"justify\">\n<ol>\n<li>Le \u201cBollettino Ufficiale del Corpo della Nobilt\u00e0 Italiana\u201d, \u00e9dit\u00e9 tous les 4 ans.<\/li>\n<li>Les Registres Nobiliaires Regionals, predispos\u00e9s et r\u00e9dig\u00e9s par les Commissions R\u00e9gionales.<\/li>\n<\/ol>\n<\/div>\n<hr id=\"IT\" \/>\n<p><img decoding=\"async\" class=\"aligncenter wp-image-2212 size-medium\" src=\"https:\/\/cilane.eu\/wp-content\/uploads\/2020\/09\/CNI_logo-300x173.png\" alt=\"\" width=\"261\" height=\"150\" srcset=\"https:\/\/cilane.eu\/wp-content\/uploads\/2020\/09\/CNI_logo-300x173.png 300w, https:\/\/cilane.eu\/wp-content\/uploads\/2020\/09\/CNI_logo-600x345.png 600w, https:\/\/cilane.eu\/wp-content\/uploads\/2020\/09\/CNI_logo-1024x589.png 1024w, https:\/\/cilane.eu\/wp-content\/uploads\/2020\/09\/CNI_logo-768x442.png 768w, https:\/\/cilane.eu\/wp-content\/uploads\/2020\/09\/CNI_logo-1536x884.png 1536w, https:\/\/cilane.eu\/wp-content\/uploads\/2020\/09\/CNI_logo.png 2000w\" sizes=\"(max-width: 261px) 100vw, 261px\" \/><\/p>\n<h1 style=\"text-align: center;\">CORPO DELLA NOBILT&Agrave; ITALIANA<\/h1>\n<p align=\"justify\">Nella carenza di tutela dei diritti nobiliari da parte dello Stato Italiano, sancita dalla Costituzione della Repubblica (\u201ci titoli nobiliari non sono riconosciuti. I predicati di quelli esistenti prima del 28 ottobre 1922 valgono come parte del nome\u201d) un gruppo di gentiluomini italiani hanno concertato di procedere alla costituzione di un ente privato che avesse per fine l\u2019accertamento dei diritti storici dei nobili italiani e la loro difesa.<\/p>\n<p align=\"justify\">Il 3 marzo 1957 fu costituito il Corpo della Nobilt\u00e0 Italiana, come libera associazione dei Nobili Italiani, articolato in 14 Associazioni Nobiliari Regionali corrispondenti alle 14 circoscrizioni tradizionali previste dall\u2019Ordinamento dello Stato Nobiliare Italiano: Piemonte; Liguria; Lombardia; Veneto; Trentino Alto-Adige; Venezia Giulia, Istria e Dalmazia; Parma e Piacenza; Modena; Toscana; Romagna; Lazio, Umbria e Marche; Provincie Napolitane; Sardegna; Sicilia.<\/p>\n<p align=\"justify\">Il Corpo della Nobilt\u00e0 Italiana si fuse il 1 gennaio 1980 con l\u2019Unione della Nobilt\u00e0 d\u2019Italia (costituita il 21 dicembre 1951 con scopi assistenziali e di organizzazione giovanile) assumendone funzioni e scopi.<\/p>\n<p align=\"justify\">Il C.N.I. ha sede in Roma.<\/p>\n<h2><em>Associazioni Nobiliari Regionali<\/em><\/h2>\n<p align=\"justify\">Delle Associazioni Nobiliari Regionali possono far parte i Nobili Italiani ed i loro legittimi discendenti (maschi e femmine) per linea mascolina, iscritti negli Elenchi Ufficiali della Nobilt\u00e0 Italiana o nell\u2019Elenco Storico della Nobilt\u00e0 Italiana edito dal Sovrano Militare Ordine di Malta, o che abbiano ottenuto provvedimenti nobiliari fino alla cessazione delle funzioni della Regia Consulta Araldica, o provvedimenti di giustizia emanati dal C.N.I., o provvedimenti di grazia emanati da S.M. il Re Umberto II registrati presso le singole Associazioni Nobiliari.<\/p>\n<p align=\"justify\">Le singole Associazioni Nobiliari Regionali possono nominare nel proprio seno un Consiglio Direttivo.<\/p>\n<p align=\"justify\">Ciascuna Associazione Nobiliare Regionale ha autonomia statutaria e organizzativa non in contrasto con l\u2019Ordinamento del C.N.I. ed elegge tra i propri soci la Commissione Araldico-Genealogica Regionale, avente i seguenti compiti:<\/p>\n<div align=\"justify\">\n<ul>\n<li>compilare, aggiornare e curare la pubblicazione del Registro Nobiliare Regionale della rispettiva giurisdizione, integrando l\u2019Elenco Ufficiale della Nobilt\u00e0 Italiana del Regno d\u2019Italia<\/li>\n<li>esaminare le istanze provenienti dalla propria giurisdizione e accertare la validit\u00e0 delle prove diplomatiche e genealogiche che danno diritto a titoli, predicati, qualifiche e trattamenti nobiliari ed a stemmi, da sottoporre per ratifica alla Giunta Araldica Centrale.<\/li>\n<\/ul>\n<\/div>\n<h2><em>Consiglio Araldico Nazionale<\/em><\/h2>\n<p align=\"justify\">Il Consiglio Araldico Nazionale (C.A.N.) \u00e8 costituito dai componenti le quattordici Commissioni Araldiche Regionali, nonch\u00e9 dal Presidente del Circolo Giovanile. Il C.A.N. ha la rappresentanza del Ceto Nobiliare Italiano nei suoi interessi storici, morali ed ideali, garantendo la tutela delle sue tradizioni e del suo patrimonio di memorie e di onore, in riferimento alla perennit\u00e0 dei suoi valori storici e della sua funzione.<\/p>\n<p align=\"justify\">Il Presidente del C.A.N. ha la rappresentanza del Corpo della Nobilt\u00e0 Italiana e dura in carica 5 anni. Il Presidente attuale \u00e8 il Barone Francesco Sanseverino \u00a0di Marcellinara.<\/p>\n<h2><em>Ufficio di Presidenza del C.A.N.<\/em><\/h2>\n<p align=\"justify\">L\u2019Ufficio di Presidenza (U.P.) del Consiglio Araldico Nazionale (CAN) \u00e8 l\u2019 organo esecutivo del C.N.I ed \u00e8 formato dal Presidente, dai Vicepresidenti, dal Cancelliere, dal Tesoriere del CAN, dal Presidente della Giunta Araldica Centrale, dal Presidente della Corte d\u2019Onore, dal Delegato alla CILANE e, su invito di volta in volta del Presidente, dal Presidente del Circolo Giovanile. Esso decide sulle questioni urgenti di competenza del C.A.N. qualora non ne sia ritenuta necessaria la convocazione straordinaria,<\/p>\n<p align=\"justify\">L\u2019Ufficio di Presidenza del C.A.N. \u00e8 garante della funzionalit\u00e0 delle Associazioni Regionali e delle loro Commissioni.<\/p>\n<h2><em>Giunta Araldica Centrale<\/em><\/h2>\n<p align=\"justify\">La Giunta Araldica Centrale (G.A.C.) \u00e8 composta dai Delegati eletti da ciascuna delle quattordici Commissioni Araldico-Genealogiche Regionali e da un Presidente eletto tra i suoi membri.<\/p>\n<p align=\"justify\">La Giunta Araldica Centrale delibera sui provvedimenti nobiliari di giustizia proposti dalle Commissioni Araldico-Genealogiche regionali o di propria iniziativa.<\/p>\n<h2><em>Circolo Giovanile<\/em><\/h2>\n<p align=\"justify\">Del Circolo Giovanile, che rappresenta le speranze ed il futuro del C.N.I., possono far parte gli iscritti alle Associazioni Regionali i quali non abbiano superato i 35 anni di et\u00e0.<\/p>\n<p align=\"justify\">Il Circolo elegge il proprio Presidente tra i suoi membri; il Presidente fa parte di diritto del C.A.N. e pu\u00f2 partecipare all\u2019U.P.<\/p>\n<p align=\"justify\">L\u2019Assemblea degli iscritti al Circolo Giovanile elegge un Delegato per ciascuna Associazione Regionale.<\/p>\n<h2><em>Pubblicazioni<\/em><\/h2>\n<div align=\"justify\">\n<ol>\n<li>\u201cBollettino Ufficiale del Corpo della Nobilt\u00e0 Italiana\u201d, con cadenza quadriennale.<\/li>\n<li>Registri Nobiliari Regionali predisposti e compilati a cura delle Commissioni Regionali<\/li>\n<\/ol>\n<\/div>\n<div align=\"right\"><a href=\"#top\">Top<\/a><\/div>\n<p>&nbsp;<\/p>","protected":false},"excerpt":{"rendered":"<p>IT CORPO DELLA NOBILT&Agrave; ITALIANA C.N.I. Un groupe de nobles italiens ayant constat\u00e9 qu\u2019apr\u00e8s la chute de la Monarchie en&hellip;<\/p>","protected":false},"author":2,"featured_media":0,"parent":1998,"menu_order":0,"comment_status":"closed","ping_status":"closed","template":"","meta":{"footnotes":""},"class_list":["post-151","page","type-page","status-publish","hentry"],"jetpack_sharing_enabled":true,"_links":{"self":[{"href":"https:\/\/cilane.eu\/fr\/wp-json\/wp\/v2\/pages\/151","targetHints":{"allow":["GET"]}}],"collection":[{"href":"https:\/\/cilane.eu\/fr\/wp-json\/wp\/v2\/pages"}],"about":[{"href":"https:\/\/cilane.eu\/fr\/wp-json\/wp\/v2\/types\/page"}],"author":[{"embeddable":true,"href":"https:\/\/cilane.eu\/fr\/wp-json\/wp\/v2\/users\/2"}],"replies":[{"embeddable":true,"href":"https:\/\/cilane.eu\/fr\/wp-json\/wp\/v2\/comments?post=151"}],"version-history":[{"count":9,"href":"https:\/\/cilane.eu\/fr\/wp-json\/wp\/v2\/pages\/151\/revisions"}],"predecessor-version":[{"id":2545,"href":"https:\/\/cilane.eu\/fr\/wp-json\/wp\/v2\/pages\/151\/revisions\/2545"}],"up":[{"embeddable":true,"href":"https:\/\/cilane.eu\/fr\/wp-json\/wp\/v2\/pages\/1998"}],"wp:attachment":[{"href":"https:\/\/cilane.eu\/fr\/wp-json\/wp\/v2\/media?parent=151"}],"curies":[{"name":"wp","href":"https:\/\/api.w.org\/{rel}","templated":true}]}}