{"id":157,"date":"2018-08-03T17:28:43","date_gmt":"2018-08-03T17:28:43","guid":{"rendered":"http:\/\/cilane.cluster012.ovh.net\/?page_id=157"},"modified":"2021-03-27T15:31:18","modified_gmt":"2021-03-27T15:31:18","slug":"portugal","status":"publish","type":"page","link":"https:\/\/cilane.eu\/fr\/what-is-cilane\/member-associations\/associations-list\/portugal\/","title":{"rendered":"Portugal"},"content":{"rendered":"<p><!-- \n\n<div align=\"right\"><a href=\"#FR\">FR<\/a><\/div>\n\n --><\/p>\n<h2 align=\"center\" class=\"translation-block\"><img loading=\"lazy\" class=\"aligncenter wp-image-2176 size-medium\" src=\"https:\/\/cilane.eu\/wp-content\/uploads\/2020\/09\/ANHP-300x183.gif\" alt=\"\" width=\"245\" height=\"150\">ASSOCIATION DE LA NOBLESSE HISTORIQUE DU PORTUGAL<br>\n(Associa\u00e7\u00e3o da Nobreza Hist\u00f3rica de Portugal - ANHP)<\/h2>\n<p align=\"justify\" class=\"translation-block\">L'Association de la Noblesse Historique du Portugal est une association priv\u00e9e, sans but lucratif, cr\u00e9\u00e9e en 1984.<br>\nSon Pr\u00e9sident d'Honneur est S.A.R. le Seigneur Dom Duarte, Duc de Bragan\u00e7a, Chef de la Maison Royale du Portugal.<\/p>\n<h3>Fondation<\/h3>\n<p align=\"justify\" class=\"translation-block\">Les fondateurs de l'Association voulaient assurer le maintien du patrimoine moral et culturel acquis par la Noblesse, la d\u00e9fense des int\u00e9r\u00eats communs et l'entraide de ses membres.<br>\nCela engage la d\u00e9fense, la promotion et la transmission aux nouvelles g\u00e9n\u00e9rations des valeurs sur lesquels doit se baser la Noblesse.<br>\nTous les membres de la Noblesse portugaise sont invit\u00e9s \u00e0 y adh\u00e9rer.<\/p>\n<h3>Buts<\/h3>\n<p align=\"justify\">L'Association a pour buts, par ses statuts et d'accord avec ses valeurs, la promotion de:<\/p>\n<div align=\"justify\">\n<ul>\n<li>le sens de l'honneur;<\/li>\n<li>la loyaut\u00e9;<\/li>\n<li>l'esprit de service;<\/li>\n<li>le d\u00e9sir d'excellence;<\/li>\n<li>la valorisation et la d\u00e9fense des int\u00e9r\u00eats culturels et sociaux des membres;<\/li>\n<li>l'\u00e9tude et la divulgation des mati\u00e8res en rapport avec la Noblesse historique du Portugal, dans un esprit d'int\u00e9gration avec la politique culturel du pays;<\/li>\n<li>la collaboration, liaison et participation aux associations, f\u00e9d\u00e9rations ou instituts cong\u00e9n\u00e8res ou semblables, au Portugal et \u00e0 l'\u00e9tranger.<\/li>\n<\/ul>\n<\/div>\n<h3>Activit\u00e9s<\/h3>\n<p align=\"justify\">Pour atteindre ces buts l'Association d\u00e9veloppe plusieurs activit\u00e9s, nomm\u00e9ment:<\/p>\n<div align=\"justify\">\n<ul>\n<li>signature de Protocoles de Collaboration avec des Maisons de Repos;<\/li>\n<li>signature de Protocoles de Collaboration avec des Services d'Assistance Domiciliaire;<\/li>\n<li>la divulgation d'activit\u00e9s avec buts d'assistance et charitables;<\/li>\n<li>l'organisation et divulgation d'\u00e9v\u00e9nements culturels et sociaux;<\/li>\n<li>l'organisation et divulgation de conf\u00e9rences et s\u00e9minaires;<\/li>\n<li>l'\u00e9laboration et divulgation de publications de port\u00e9e historique et nobiliaire;<\/li>\n<li>l'organisation de visites guid\u00e9es au patrimoine historique et culturel avec un sens sp\u00e9cial pour la Noblesse;<\/li>\n<li>la promotion d'une actif Section de Jeunesse, qui organise, participe et divulgue plusieurs \u00e9v\u00e9nements, nationaux et \u00e9trangers, par rapport \u00e0 ce groupe d'\u00e2ge.<\/li>\n<\/ul>\n<\/div>\n<p align=\"justify\" class=\"translation-block\">Il faut dire que l'Association a une participation continue et active \u00e0 l'\u00abInstitut de la Noblesse Portugaise\u00bb (son Pr\u00e9sident d'Honneur \u00e9tant aussi S.A.R. le Seigneur Dom Duarte, Duc de Bragance, Chef de la Maison Royale du Portugal), avec la participation r\u00e9guli\u00e8re aux r\u00e9unions et d\u00e9lib\u00e9rations de cette institution qui a la plus grande importance dans le cadre juridique-nobiliaire portugais, \u00e9tant l'entit\u00e9 avec l'autorit\u00e9 et comp\u00e9tence exclusive en mati\u00e8re de reconnaissance et d'enregistrement de titres, gr\u00e2ces et d'autres droits relatives \u00e0 la Noblesse au Portugal.<br>\nIl faut dire aussi que l'Association est membre de la CILANE, depuis 1985, participant activement et r\u00e9guli\u00e8rement \u00e0 ses r\u00e9unions, congr\u00e8s et aux autres plusieurs \u00e9v\u00e9nements. Son D\u00e9l\u00e9gu\u00e9 \u00e0 CILANE est, depuis le d\u00e9but de 1989, M. Ant\u00f3nio de Mattos e Silva.<\/p>\n<h3>Publications<\/h3>\n<p><em>Interpares<\/em><\/p>\n<h3>Pr\u00e9sidents<\/h3>\n<ul>\n<li>Comte das Alc\u00e1\u00e7ovas (2017 - )<\/li>\n<li>Comte de Nova-G\u00f4a (2005 - 2017)<\/li>\n<li>Comte de Rezende (1996 - 2005)<\/li>\n<li>Marquis de Pombal (1984 - 1996)<\/li>\n<\/ul>\n<p><!--\n\n\n<hr id=\"FR\" \/>\n\n\n\n<h2 align=\"center\"><img decoding=\"async\" class=\"aligncenter wp-image-2176 size-medium\" src=\"https:\/\/cilane.eu\/wp-content\/uploads\/2020\/09\/ANHP-300x183.gif\" alt=\"\" width=\"245\" height=\"150\" \/>ASSOCIATION DE LA NOBLESSE HISTORIQUE DU PORTUGAL\n(Associa\u00e7\u00e3o da Nobreza Hist\u00f3rica de Portugal - ANHP)<\/h2>\n\n\n\n\n<p align=\"justify\">L'Association de la Noblesse Historique du Portugal est une association priv\u00e9e, sans but lucratif, cr\u00e9\u00e9e en 1984.\nSon Pr\u00e9sident d'Honneur est S.A.R. le Seigneur Dom Duarte, Duc de Bragan\u00e7a, Chef de la Maison Royale du Portugal.<\/p>\n\n\n\n\n\n<h3>Fondation<\/h3>\n\n\n\n\n<p align=\"justify\">Les fondateurs de l'Association voulaient assurer le maintien du patrimoine moral et culturel acquis par la Noblesse, la d\u00e9fense des int\u00e9r\u00eats communs et l'entraide de ses membres.\nCela engage la d\u00e9fense, la promotion et la transmission aux nouvelles g\u00e9n\u00e9rations des valeurs sur lesquels doit se baser la Noblesse.\nTous les membres de la Noblesse portugaise sont invit\u00e9s \u00e0 y adh\u00e9rer.<\/p>\n\n\n\n\n\n<h3>Buts<\/h3>\n\n\n\n\n<p align=\"justify\">L'Association a pour buts, par ses statuts et d'accord avec ses valeurs, la promotion de:<\/p>\n\n\n\n\n\n<div align=\"justify\">\n\n\n<ul>\n \t\n\n<li>le sens de l'honneur;<\/li>\n\n\n \t\n\n<li>la loyaut\u00e9;<\/li>\n\n\n \t\n\n<li>l'esprit de service;<\/li>\n\n\n \t\n\n<li>le d\u00e9sir d'excellence;<\/li>\n\n\n \t\n\n<li>la valorisation et la d\u00e9fense des int\u00e9r\u00eats culturels et sociaux des membres;<\/li>\n\n\n \t\n\n<li>l'\u00e9tude et la divulgation des mati\u00e8res en rapport avec la Noblesse historique du Portugal, dans un esprit d'int\u00e9gration avec la politique culturel du pays;<\/li>\n\n\n \t\n\n<li>la collaboration, liaison et participation aux associations, f\u00e9d\u00e9rations ou instituts cong\u00e9n\u00e8res ou semblables, au Portugal et \u00e0 l'\u00e9tranger.<\/li>\n\n\n<\/ul>\n\n\n<\/div>\n\n\n\n\n<h3>Activit\u00e9s<\/h3>\n\n\n\n\n<p align=\"justify\">Pour atteindre ces buts l'Association d\u00e9veloppe plusieurs activit\u00e9s, nomm\u00e9ment:<\/p>\n\n\n\n\n\n<div align=\"justify\">\n\n\n<ul>\n \t\n\n<li>signature de Protocoles de Collaboration avec des Maisons de Repos;<\/li>\n\n\n \t\n\n<li>signature de Protocoles de Collaboration avec des Services d'Assistance Domiciliaire;<\/li>\n\n\n \t\n\n<li>la divulgation d'activit\u00e9s avec buts d'assistance et charitables;<\/li>\n\n\n \t\n\n<li>l'organisation et divulgation d'\u00e9v\u00e9nements culturels et sociaux;<\/li>\n\n\n \t\n\n<li>l'organisation et divulgation de conf\u00e9rences et s\u00e9minaires;<\/li>\n\n\n \t\n\n<li>l'\u00e9laboration et divulgation de publications de port\u00e9e historique et nobiliaire;<\/li>\n\n\n \t\n\n<li>l'organisation de visites guid\u00e9es au patrimoine historique et culturel avec un sens sp\u00e9cial pour la Noblesse;<\/li>\n\n\n \t\n\n<li>la promotion d'une actif Section de Jeunesse, qui organise, participe et divulgue plusieurs \u00e9v\u00e9nements, nationaux et \u00e9trangers, par rapport \u00e0 ce groupe d'\u00e2ge.<\/li>\n\n\n<\/ul>\n\n\n<\/div>\n\n\n\n\n<p align=\"justify\">Il faut dire que l'Association a une participation continue et active \u00e0 l'\u00abInstitut de la Noblesse Portugaise\u00bb (son Pr\u00e9sident d'Honneur \u00e9tant aussi S.A.R. le Seigneur Dom Duarte, Duc de Bragance, Chef de la Maison Royale du Portugal), avec la participation r\u00e9guli\u00e8re aux r\u00e9unions et d\u00e9lib\u00e9rations de cette institution qui a la plus grande importance dans le cadre juridique-nobiliaire portugais, \u00e9tant l'entit\u00e9 avec l'autorit\u00e9 et comp\u00e9tence exclusive en mati\u00e8re de reconnaissance et d'enregistrement de titres, gr\u00e2ces et d'autres droits relatives \u00e0 la Noblesse au Portugal.\nIl faut dire aussi que l'Association est membre de la CILANE, depuis 1985, participant activement et r\u00e9guli\u00e8rement \u00e0 ses r\u00e9unions, congr\u00e8s et aux autres plusieurs \u00e9v\u00e9nements. Son D\u00e9l\u00e9gu\u00e9 \u00e0 CILANE est, depuis le d\u00e9but de 1989, M. Ant\u00f3nio de Mattos e Silva.<\/p>\n\n\n\n\n\n<h3>Publications<\/h3>\n\n\n<em>Interpares<\/em>\n\n\n<h3>Pr\u00e9sidents<\/h3>\n\n\n\n\n<ul>\n \t\n\n<li>Comte das Alc\u00e1\u00e7ovas (2017 - )<\/li>\n\n\n \t\n\n<li>Comte de Nova-G\u00f4a (2005 - 2017)<\/li>\n\n\n \t\n\n<li>Comte de Rezende (1996 - 2005)<\/li>\n\n\n \t\n\n<li>Marquis de Pombal (1984 - 1996)<\/li>\n\n\n<\/ul>\n\n\n&nbsp;\n--><\/p>","protected":false},"excerpt":{"rendered":"<p>THE HISTORICAL NOBILITY ASSOCIATION OF PORTUGAL (Associa\u00e7\u00e3o da Nobreza Hist\u00f3rica de Portugal &#8211; ANHP) The Historical Nobility Association of Portugal&hellip;<\/p>","protected":false},"author":2,"featured_media":0,"parent":1998,"menu_order":0,"comment_status":"closed","ping_status":"closed","template":"","meta":{"footnotes":""},"class_list":["post-157","page","type-page","status-publish","hentry"],"jetpack_sharing_enabled":true,"_links":{"self":[{"href":"https:\/\/cilane.eu\/fr\/wp-json\/wp\/v2\/pages\/157","targetHints":{"allow":["GET"]}}],"collection":[{"href":"https:\/\/cilane.eu\/fr\/wp-json\/wp\/v2\/pages"}],"about":[{"href":"https:\/\/cilane.eu\/fr\/wp-json\/wp\/v2\/types\/page"}],"author":[{"embeddable":true,"href":"https:\/\/cilane.eu\/fr\/wp-json\/wp\/v2\/users\/2"}],"replies":[{"embeddable":true,"href":"https:\/\/cilane.eu\/fr\/wp-json\/wp\/v2\/comments?post=157"}],"version-history":[{"count":10,"href":"https:\/\/cilane.eu\/fr\/wp-json\/wp\/v2\/pages\/157\/revisions"}],"predecessor-version":[{"id":3017,"href":"https:\/\/cilane.eu\/fr\/wp-json\/wp\/v2\/pages\/157\/revisions\/3017"}],"up":[{"embeddable":true,"href":"https:\/\/cilane.eu\/fr\/wp-json\/wp\/v2\/pages\/1998"}],"wp:attachment":[{"href":"https:\/\/cilane.eu\/fr\/wp-json\/wp\/v2\/media?parent=157"}],"curies":[{"name":"wp","href":"https:\/\/api.w.org\/{rel}","templated":true}]}}