{"id":159,"date":"2018-08-03T17:29:07","date_gmt":"2018-08-03T17:29:07","guid":{"rendered":"http:\/\/cilane.cluster012.ovh.net\/?page_id=159"},"modified":"2020-08-28T16:17:38","modified_gmt":"2020-08-28T16:17:38","slug":"russie","status":"publish","type":"page","link":"https:\/\/cilane.eu\/fr\/what-is-cilane\/member-associations\/associations-list\/russie\/","title":{"rendered":"Russie"},"content":{"rendered":"<p><img decoding=\"async\" class=\"aligncenter wp-image-2130\" src=\"https:\/\/cilane.eu\/wp-content\/uploads\/2020\/08\/UNR-300x294.gif\" alt=\"\" width=\"200\" height=\"196\" srcset=\"https:\/\/cilane.eu\/wp-content\/uploads\/2020\/08\/UNR-300x294.gif 300w, https:\/\/cilane.eu\/wp-content\/uploads\/2020\/08\/UNR-600x588.gif 600w, https:\/\/cilane.eu\/wp-content\/uploads\/2020\/08\/UNR-1024x1004.gif 1024w, https:\/\/cilane.eu\/wp-content\/uploads\/2020\/08\/UNR-768x753.gif 768w\" sizes=\"(max-width: 200px) 100vw, 200px\" \/><\/p>\n<h2 align=\"center\">\u0421\u041e\u042e\u0417 \u0414\u0412\u041e\u0420\u042f\u041d<br \/>\nL&#8217;Union de la Noblesse Russe<\/h2>\n<p align=\"justify\">est une association fond\u00e9e en 1925 \u00e0 Paris, centre de l\u2019\u00c9migration russe, par les membres de la noblesse qui avaient d\u00fb quitter la Russie \u00e0 la suite du coup d\u2019\u00c9tat bolch\u00e9vique de 1917. Son premier Pr\u00e9sident fut le comte D.S. Cheremeteff.<br \/>\nSon pr\u00e9sident d&#8217;honneur est le Prince Serge S. Obolensky, pr\u00e9sident de l&#8217;UNR de 1970 \u00e0 2006 et coordonnateur des Associations de noblesse repr\u00e9sent\u00e9es \u00e0 la CILANE de 1978 \u00e0 1981.<br \/>\nElle regroupe les descendants des premiers \u00e9migr\u00e9s et des nouveaux membres ayant justifi\u00e9 l\u2019appartenance de leur famille \u00e0 la Noblesse russe.<\/p>\n<h3>Les missions de l\u2019UNR sont principalement :<\/h3>\n<div align=\"justify\">\n<ul>\n<li><strong>Morales :<\/strong> conserver la puret\u00e9 id\u00e9ologique des anciennes traditions de la noblesse et \u00e9lever la jeunesse dans les principes de la religion et l&#8217;esprit d&#8217;honneur<\/li>\n<li><strong>Culturelles :<\/strong> proposer \u00e0 ses membres des conf\u00e9rences, des visites d&#8217;expositions ayant trait \u00e0 la Russie ; \u00e9diter un bulletin interne bilingue Russe-Fran\u00e7ais de p\u00e9riodicit\u00e9 trimestrielle<\/li>\n<li><strong>Sociales :<\/strong> venir en aide aux membres dans le besoin, organiser un d\u00eener annuel, participer \u00e0 la vie interne de la CILANE (<em>Commission d&#8217;Information et de Liaison des Associations Nobles d&#8217;Europe<\/em>), maintenir des relations avec d&#8217;autres associations russes et avec les associations de noblesse \u00e0 l&#8217;\u00e9tranger, attribuer une bourse d&#8217;\u00e9tudes ou y contribuer par une action charitable&#8230;<\/li>\n<li><strong>Historiques :<\/strong> fournir et contr\u00f4ler des renseignements g\u00e9n\u00e9alogiques<\/li>\n<\/ul>\n<\/div>\n<p align=\"justify\">L&#8217;UNR est pr\u00e9sente dans plusieurs pays europ\u00e9ens, et notamment la France, la Russie (depuis la chute du communisme), la Belgique, la Finlande, le Royaume-Uni, les Pays-Bas, l&#8217;Allemagne, la Suisse, l&#8217;Italie.<br \/>\nL&#8217;UNR dispose de repr\u00e9sentants pl\u00e9nipotentiaires dans la plupart de ces pays.<br \/>\nL&#8217;UNR est membre fondateur de la Commission d&#8217;Information et de Liaison des Associations Nobles d&#8217;Europe (CILANE) cr\u00e9\u00e9e en 1959, aux c\u00f4t\u00e9s des Associations de noblesse fran\u00e7aise, allemande, italienne et belge. L&#8217;UNR est la seule Association habilit\u00e9e \u00e0 repr\u00e9senter la noblesse russe.<\/p>","protected":false},"excerpt":{"rendered":"<p>\u0421\u041e\u042e\u0417 \u0414\u0412\u041e\u0420\u042f\u041d L&#8217;Union de la Noblesse Russe est une association fond\u00e9e en 1925 \u00e0 Paris, centre de l\u2019\u00c9migration russe, par&hellip;<\/p>","protected":false},"author":2,"featured_media":0,"parent":1998,"menu_order":0,"comment_status":"closed","ping_status":"closed","template":"onecolumn-page.php","meta":{"footnotes":""},"class_list":["post-159","page","type-page","status-publish","hentry"],"jetpack_sharing_enabled":true,"_links":{"self":[{"href":"https:\/\/cilane.eu\/fr\/wp-json\/wp\/v2\/pages\/159","targetHints":{"allow":["GET"]}}],"collection":[{"href":"https:\/\/cilane.eu\/fr\/wp-json\/wp\/v2\/pages"}],"about":[{"href":"https:\/\/cilane.eu\/fr\/wp-json\/wp\/v2\/types\/page"}],"author":[{"embeddable":true,"href":"https:\/\/cilane.eu\/fr\/wp-json\/wp\/v2\/users\/2"}],"replies":[{"embeddable":true,"href":"https:\/\/cilane.eu\/fr\/wp-json\/wp\/v2\/comments?post=159"}],"version-history":[{"count":3,"href":"https:\/\/cilane.eu\/fr\/wp-json\/wp\/v2\/pages\/159\/revisions"}],"predecessor-version":[{"id":2129,"href":"https:\/\/cilane.eu\/fr\/wp-json\/wp\/v2\/pages\/159\/revisions\/2129"}],"up":[{"embeddable":true,"href":"https:\/\/cilane.eu\/fr\/wp-json\/wp\/v2\/pages\/1998"}],"wp:attachment":[{"href":"https:\/\/cilane.eu\/fr\/wp-json\/wp\/v2\/media?parent=159"}],"curies":[{"name":"wp","href":"https:\/\/api.w.org\/{rel}","templated":true}]}}