{"id":163,"date":"2018-08-03T17:29:45","date_gmt":"2018-08-03T17:29:45","guid":{"rendered":"http:\/\/cilane.cluster012.ovh.net\/?page_id=163"},"modified":"2020-08-08T08:42:34","modified_gmt":"2020-08-08T08:42:34","slug":"suisse","status":"publish","type":"page","link":"https:\/\/cilane.eu\/fr\/what-is-cilane\/member-associations\/associations-list\/suisse\/","title":{"rendered":"Suisse"},"content":{"rendered":"<p><img decoding=\"async\" src=\"https:\/\/cilane.eu\/wp-content\/uploads\/2018\/09\/afs.png\" alt=\"\" width=\"147\" height=\"110\" class=\"aligncenter size-full wp-image-851\" srcset=\"https:\/\/cilane.eu\/wp-content\/uploads\/2018\/09\/afs.png 587w, https:\/\/cilane.eu\/wp-content\/uploads\/2018\/09\/afs-300x225.png 300w\" sizes=\"(max-width: 147px) 100vw, 147px\" \/><\/p>\n<h2 align=\"center\">ASSOCIATION DE FAMILLES SUISSES<br \/>\n (AFS)<\/h2>\n<p align=\"justify\">Sous le nom ASSOCIATION DE FAMILLES SUISSES (AFS) est constitu\u00e9e une association de noblesse pour la Suisse \u00e0 but non lucratif.<\/p>\n<p align=\"justify\">L\u2019association est politiquement et confessionnellement neutre; elle adh\u00e8re aux acquis de l\u2019\u00e9tat de droit d\u00e9mocratique et \u00e0 l\u2019h\u00e9ritage spirituel et culturel de l\u2019Occident.<\/p>\n<h3>Fondation<\/h3>\n<p align=\"justify\">L\u2019AFS a \u00e9t\u00e9 fond\u00e9e en 1982. Ses membres sont originaires de familles appartenant \u00e0 la noblesse. En grande majorit\u00e9 ces familles sont d\u2019origine suisse; l\u2019AFS accepte aussi des familles nobles d\u2019origine \u00e9trang\u00e8re r\u00e9sident en Suisse.<\/p>\n<h3>Buts<\/h3>\n<p align=\"justify\">Consciente que les familles historiques europ\u00e9ennes ont de tout temps attach\u00e9 de l\u2019importance aux mutuelles relations internationales, l\u2019AFS se donne pour but de promouvoir<\/p>\n<div align=\"justify\">\n<ul>\n<li>l\u2019int\u00e9r\u00eat de ses membres pour l\u2019histoire de leurs familles et de la Suisse, en relation avec l\u2019histoire de l\u2019Europe;<\/li>\n<li>les contacts de ses membres avec des associations \u00e9trang\u00e8res analogues et des membres de familles historiques des diff\u00e9rentes r\u00e9gions de l\u2019Europe;<\/li>\n<li>l\u2019int\u00e9r\u00eat, parmi les jeunes, pour la chose publique;<\/li>\n<li>l\u2019entraide sous toutes ses formes.<\/li>\n<\/ul>\n<\/div>\n<p align=\"justify\">L\u2019AFS d\u00e9sire surtout permettre aux jeunes de rencontrer d\u2019autres jeunes nobles ayant le sens des traditions et de valeurs similaires; l\u2019AFS met l\u2019accent sur les rencontres des familles, les activit\u00e9s pour le groupe des jeunes adultes et sur l\u2019importance d\u2019\u00e9change de jeunes.<\/p>\n<h3>Activit\u00e9s<\/h3>\n<p>L&#8217;AFS propose entre autres <\/p>\n<ul>\n<li>une assembl\u00e9e g\u00e9n\u00e9rale;<\/li>\n<li>une conf\u00e9rence suivie d&#8217;un d\u00eener;<\/li>\n<li>un bal tous les deux ans;<\/li>\n<li>des sorties familiales (visites de mus\u00e9es et expositions);<\/li>\n<li>des activit\u00e9s pour des jeunes adultes;<\/li>\n<li>l&#8217;\u00e9change de Jeunes (Jugendaustausch).<\/li>\n<\/ul>\n<h3>Pr\u00e9sidents<\/h3>\n<ul>\n<li>Edgar Brunner, Th\u00fcring von Erlach, Nicolas de Buman (1982-1990)<\/li>\n<li>Th\u00fcring von Erlach, Edgar Brunner (1990-1995) <\/li>\n<li>Nicolas Buman (1995-2000)<\/li>\n<li>B\u00e9atrix de Sury d&#8217;Aspremont (d\u00e8s 2000)<\/li>\n<\/ul>\n<h3>Pr\u00e9sidents du Groupe des Jeunes<\/h3>\n<ul>\n<li>Nicolas de Buman (1982-1989)<\/li>\n<li>Etienne von Streng (1989-1990) <\/li>\n<li>Oliver von Schulthess (1990-1994)<\/li>\n<li>Catherine Glutz von Blotzheim (1994-1996)<\/li>\n<li>Hippolyte de Weck (1996-1997)<\/li>\n<li>Georg von Nostiz-Rieneck (1997-2008)<\/li>\n<li>Alexander Glutz von Blotzheim (2008-2014)<\/li>\n<li>Ladislas-Joachim de Sury d&#8217;Aspremont (d\u00e8s 2014)<\/li>\n<\/ul>\n<h3>Secr\u00e9tariat<\/h3>\n<p>Depuis 2000 aupr\u00e8s de B\u00e9atrix de Sury d&#8217;Aspremont, Pr\u00e9sidente<\/p>\n<h3>Publication<\/h3>\n<p>Bulletin annuel de l&#8217;AFS<\/p>\n<h3>Site internet<\/h3>\n<p><a href=\"http:\/\/www.afsuisses.ch\" target=\"_blank\" rel=\"noopener noreferrer\">www.afsuisses.ch<\/a><\/p>\n<h2>Les Noblesses Helv\u00e9tiques<\/h2>\n<p align=\"justify\">La Conf\u00e9d\u00e9ration suisse actuelle n\u2019est constitu\u00e9e que depuis 1848, par contre une Conf\u00e9d\u00e9ration d\u2019\u00c9tats li\u00e9s entre eux par des trait\u00e9s ou des alliances existe depuis leur ind\u00e9pendance du Saint Empire, soit d\u00e8s 1499. Ces \u00e9tats avaient le droit d\u2019anoblir ou non, le pouvoir supr\u00eame \u00e9tant entre les mains de leur Conseil souverain. C\u2019est la raison pour laquelle l\u2019origine des noblesses est diverse, notamment&nbsp;:<\/p>\n<p align=\"justify\">Au Moyen \u00c2ge, dans le territoire de la Suisse actuelle nous trouvons une noblesse f\u00e9odale et une structure sociale, \u00e9conomique et politique qui ne se diff\u00e9renciaient en rien de la situation g\u00e9n\u00e9rale dans les autres r\u00e9gions de l\u2019Empire. D\u2019o\u00f9 l\u2019existence d\u2019une certaine noblesse f\u00e9odale.<\/p>\n<p align=\"justify\">\u00c0 partir du XV\u00e8me si\u00e8cle, avec leur av\u00e8nement, des villes comme Berne, Lucerne, Fribourg et Soleure form\u00e8rent des Etats aristocratiques dont le pouvoir supr\u00eame \u00e9tait entre les mains du Conseil souverain. Ce Conseil \u00e9tait le prince du pays et les habitants se trouvaient \u00e0 l\u2019\u00e9gard de ce Conseil dans la m\u00eame situation juridique que les sujets envers leur Roi dans les monarchies. La diff\u00e9rence est que le Conseil souverain de ces r\u00e9publiques n\u2019\u00e9tait pas une personne physique mais une collectivit\u00e9 qui se renouvelait par cooptation, ob\u00e9issant ainsi aux principes aristocratiques les plus stricts. Ainsi on assiste \u00e0 la cr\u00e9ation d\u2019une noblesse autochtone d\u2019origine bourgeoise qui s\u2019unit avec la noblesse f\u00e9odale.<\/p>\n<p align=\"justify\">Dans les principaut\u00e9s des princes-\u00e9v\u00eaques telles que B\u00e2le, Coire, Constance et Sion, ainsi que dans les principaut\u00e9s r\u00e9gies par les abbayes telles que Saint-Gall, nous trouvons une noblesse qui a pu s\u2019affirmer jusqu\u2019\u00e0 la fin de l\u2019Ancien R\u00e9gime.<\/p>\n<p align=\"justify\">Dans le Haut Moyen-\u00c2ge, Neuch\u00e2tel faisait partie du royaume de Bourgogne. En 1032 l\u2019empereur franc Conrad II re\u00e7ut Neuch\u00e2tel en h\u00e9ritage de sorte qu\u2019elle devint principaut\u00e9 ind\u00e9pendante du Saint Empire, sous la r\u00e9gence de la Maison d\u2019Orl\u00e9ans-Longueville jusqu\u2019en 1707, puis sous la Maison des Hohenzollern jusqu\u2019en 1848. Nous avons donc une noblesse f\u00e9odale et des familles anoblies par le Roi de France, puis par le Roi de Prusse.<\/p>\n<p align=\"justify\">Depuis la fin de l\u2019Ancien R\u00e9gime il n\u2019y a plus de nouveaux nobles d\u2019origine d\u2019un des \u00e9tats souverains helv\u00e9tiques en l\u2019occurrence les cantons.<\/p>\n<p align=\"justify\">Un article constitutionnel stipule que dans la Suisse actuelle il n\u2019y a ni pays sujet, ni privil\u00e8ge de lieu, de naissance, de personne ni de famille. La noblesse n\u2019ayant pas d\u2019existence l\u00e9gale, les citoyens suisses ne portent pas de titre de noblesse, ni \u00e0 l\u2019\u00e9tat civil, ni dans les relations officielles ou administratives, ni en pratique dans les relations professionnelles.<\/p>\n<p align=\"justify\">Dans les registres de l\u2019\u00e9tat civil, la particule est souvent consid\u00e9r\u00e9e partie int\u00e9grante du nom ou non inscrite.<\/p>\n<p align=\"right\"><em>02\/11\/2018<\/em><\/p>","protected":false},"excerpt":{"rendered":"<p>ASSOCIATION DE FAMILLES SUISSES (AFS) Sous le nom ASSOCIATION DE FAMILLES SUISSES (AFS) est constitu\u00e9e une association de noblesse pour&hellip;<\/p>","protected":false},"author":2,"featured_media":0,"parent":1998,"menu_order":0,"comment_status":"closed","ping_status":"closed","template":"onecolumn-page.php","meta":{"footnotes":""},"class_list":["post-163","page","type-page","status-publish","hentry"],"jetpack_sharing_enabled":true,"_links":{"self":[{"href":"https:\/\/cilane.eu\/fr\/wp-json\/wp\/v2\/pages\/163","targetHints":{"allow":["GET"]}}],"collection":[{"href":"https:\/\/cilane.eu\/fr\/wp-json\/wp\/v2\/pages"}],"about":[{"href":"https:\/\/cilane.eu\/fr\/wp-json\/wp\/v2\/types\/page"}],"author":[{"embeddable":true,"href":"https:\/\/cilane.eu\/fr\/wp-json\/wp\/v2\/users\/2"}],"replies":[{"embeddable":true,"href":"https:\/\/cilane.eu\/fr\/wp-json\/wp\/v2\/comments?post=163"}],"version-history":[{"count":7,"href":"https:\/\/cilane.eu\/fr\/wp-json\/wp\/v2\/pages\/163\/revisions"}],"predecessor-version":[{"id":2081,"href":"https:\/\/cilane.eu\/fr\/wp-json\/wp\/v2\/pages\/163\/revisions\/2081"}],"up":[{"embeddable":true,"href":"https:\/\/cilane.eu\/fr\/wp-json\/wp\/v2\/pages\/1998"}],"wp:attachment":[{"href":"https:\/\/cilane.eu\/fr\/wp-json\/wp\/v2\/media?parent=163"}],"curies":[{"name":"wp","href":"https:\/\/api.w.org\/{rel}","templated":true}]}}