{"id":165,"date":"2018-08-03T17:32:30","date_gmt":"2018-08-03T17:32:30","guid":{"rendered":"http:\/\/cilane.cluster012.ovh.net\/?page_id=165"},"modified":"2021-03-25T21:25:27","modified_gmt":"2021-03-25T21:25:27","slug":"what-is-cilane","status":"publish","type":"page","link":"https:\/\/cilane.eu\/fr\/what-is-cilane\/","title":{"rendered":"What is CILANE"},"content":{"rendered":"<h2 align=\"center\">CILANE<\/h2>\n<p align=\"justify\" class=\"translation-block\">La &laquo;Commission d'information et de liaison des associations de noblesse d\u2019Europe&raquo; (CILANE) a \u00e9t\u00e9 fond\u00e9e \u00e0 Paris en 1959 \u00e0 l'initiative de cinq associations de noblesse, \u00e0 savoir la France, l'Allemagne, l'Autriche, l'Italie et la Russie. La CILANE est un organe de coordination et de liaison, qui comprend aujourd'hui seize associations nationales ind\u00e9pendantes de noblesse, chacune consid\u00e9r\u00e9e comme repr\u00e9sentative de la noblesse de son propre pays dans son ensemble.<br \/>\nNi la CILANE, ni ses associations-membres ne sont en mesure d'accepter des ventes ou pr\u00e9tendues ventes de titres ou de noblesse, ou des concessions de noblesse, de titres ou de d\u00e9corations non attribu\u00e9es par un \u00c9tat souverain \u00e0 l'un de ses propres ressortissants.<\/p>\n<p align=\"justify\">La CILANE est un forum et ne pr\u00e9tend pas parler au nom des nobles europ\u00e9ens dans leur ensemble.<\/p>\n<p align=\"justify\">Les objectifs de la CILANE sont principalement culturels, mais un certain nombre d'associations-membres ont \u00e9galement des objectifs caritatifs ou aussi des programmes de publication. En particulier, la CILANE cherche \u00e0 maintenir une compr\u00e9hension de l'identit\u00e9 de la noblesse bas\u00e9e sur l'exactitude historique et juridique, tout en promouvant le maintien des valeurs traditionnelles de la noblesse comme une ressource dynamique pour notre propre temps. Elle l'y encourage en fournissant un moyen efficace de liaison et d'information entre les associations- membres et en d\u00e9veloppant des relations d'amiti\u00e9 et de r\u00e9ciprocit\u00e9. Les membres des associations individuelles, de tous \u00e2ges, sont invit\u00e9s \u00e0 se rencontrer lors de diff\u00e9rentes manifestations et \u00e0 participer \u00e0 des \u00e9changes.<\/p>\n<p align=\"justify\">Le si\u00e8ge officiel de la CILANE est 9, Rue du Chevalier de Saint Georges, Paris 75008.<\/p>\n<div align=\"right\"><a href=\"#\">Top<\/a><\/div>","protected":false},"excerpt":{"rendered":"<p>CILANE The &laquo;Commission d\u2019information et de liaison des associations de noblesse d\u2019Europe&raquo; (CILANE) was founded in Paris in 1959 on&hellip;<\/p>","protected":false},"author":2,"featured_media":0,"parent":0,"menu_order":0,"comment_status":"closed","ping_status":"closed","template":"","meta":{"footnotes":""},"class_list":["post-165","page","type-page","status-publish","hentry"],"jetpack_sharing_enabled":true,"_links":{"self":[{"href":"https:\/\/cilane.eu\/fr\/wp-json\/wp\/v2\/pages\/165","targetHints":{"allow":["GET"]}}],"collection":[{"href":"https:\/\/cilane.eu\/fr\/wp-json\/wp\/v2\/pages"}],"about":[{"href":"https:\/\/cilane.eu\/fr\/wp-json\/wp\/v2\/types\/page"}],"author":[{"embeddable":true,"href":"https:\/\/cilane.eu\/fr\/wp-json\/wp\/v2\/users\/2"}],"replies":[{"embeddable":true,"href":"https:\/\/cilane.eu\/fr\/wp-json\/wp\/v2\/comments?post=165"}],"version-history":[{"count":19,"href":"https:\/\/cilane.eu\/fr\/wp-json\/wp\/v2\/pages\/165\/revisions"}],"predecessor-version":[{"id":2986,"href":"https:\/\/cilane.eu\/fr\/wp-json\/wp\/v2\/pages\/165\/revisions\/2986"}],"wp:attachment":[{"href":"https:\/\/cilane.eu\/fr\/wp-json\/wp\/v2\/media?parent=165"}],"curies":[{"name":"wp","href":"https:\/\/api.w.org\/{rel}","templated":true}]}}