{"id":1998,"date":"2020-08-06T19:17:09","date_gmt":"2020-08-06T19:17:09","guid":{"rendered":"https:\/\/cilane.eu\/?page_id=1998"},"modified":"2025-12-09T11:16:44","modified_gmt":"2025-12-09T11:16:44","slug":"associations-list","status":"publish","type":"page","link":"https:\/\/cilane.eu\/fr\/what-is-cilane\/member-associations\/associations-list\/","title":{"rendered":"List of Member Associations"},"content":{"rendered":"<style>\n#Countries {\n\tborder-collapse: collapse;\n\twidth: 100%;\n}\n#Countries tr th {\n\tcolor: #FFF;\n}\n#Countries th {\n\tpadding-top: 12px;\n\tpadding-bottom: 12px;\n\tpadding-left: 12px;\n\ttext-align: left;\n\tbackground-color: #666666 !important;\n\tcolor:#FFFFFF !important;\n}\n\/*tr {\n\tborder: thin solid #000;\n}*\/\ntd {\n\tpadding-top: 4pt;\n\tpadding-bottom: 4pt;\n\tpadding-left: 8pt;\n\tborder-right: 1px dotted #999999;\n}\n#Countries tr:nth-child(odd){background-color: #f2f2f2 !important;\n}\n\/*#Countries tr:hover {background-color: #dde !important;\n}*\/\n<\/style>\n<h2>Pays et Associations membres<br \/>\nCountries and Member Associations<\/h2>\n<table id=\"Countries\">\n<tbody>\n<tr bgcolor=\"#666666\">\n<th width=\"20%\">Pays<\/th>\n<th>Association<\/th>\n<th>Site web<\/th>\n<\/tr>\n<tr>\n<td><a href=\"\/fr\/?page_id=135\" target=\"_self\">Allemagne<\/a><\/td>\n<td>Vereinigung der Deutschen Adelsverb\u00e4nde (VdDA)<\/td>\n<td><a href=\"http:\/\/www.adel-in-deutschland.de\" target=\"_blank\" rel=\"noopener noreferrer\">www.adel-in-deutschland.de<\/a><\/td>\n<\/tr>\n<tr>\n<td><a href=\"\/fr\/?page_id=137\" target=\"_self\">Belgique<\/a><\/td>\n<td>Association de la Noblesse du Royaume de Belgique (ANRB)<\/td>\n<td><a href=\"http:\/\/www.anrb-vakb.be\" target=\"_blank\" rel=\"noopener noreferrer\">www.anrb-vakb.be<\/a><\/td>\n<\/tr>\n<tr>\n<td><a href=\"\/fr\/?page_id=139\" target=\"_self\">Croatie<\/a><\/td>\n<td>Hrvatski Plemi\u0107ki Zbor (HPZ)<\/td>\n<td><a href=\"http:\/\/www.plemstvo.hr\" target=\"_blank\" rel=\"noopener noreferrer\">www.plemstvo.hr<\/a><\/td>\n<\/tr>\n<tr>\n<td><a href=\"\/fr\/?page_id=141\" target=\"_self\">Danemark<\/a><\/td>\n<td>Dansk Adels-Forening (DAF)<\/td>\n<td><a href=\"http:\/\/www.adelsforeningen.dk\" target=\"_blank\" rel=\"noopener noreferrer\">www.adelsforeningen.dk<\/a><\/td>\n<\/tr>\n<tr>\n<td><a href=\"\/fr\/?page_id=2858\" target=\"_self\">Espagne<\/a><\/td>\n<td>J\u00f3venes de la Nobleza Espa\u00f1ola (JNE)<\/td>\n<td>&nbsp;<\/td>\n<\/tr>\n<tr>\n<td><a href=\"\/fr\/?page_id=143\" target=\"_self\">Finlande<\/a><\/td>\n<td>Ritarihuone \u2013 Riddarhuset<\/td>\n<td><a href=\"http:\/\/www.riddarhuset.fi\" target=\"_blank\" rel=\"noopener noreferrer\">www.riddarhuset.fi<\/a><\/td>\n<\/tr>\n<tr>\n<td><a href=\"\/fr\/?page_id=145\" target=\"_self\">France<\/a><\/td>\n<td>Association d\u2019Entraide de la Noblesse Fran\u00e7aise (ANF)<\/td>\n<td><a href=\"http:\/\/www.anf.asso.fr\" target=\"_blank\" rel=\"noopener noreferrer\">www.anf.asso.fr<\/a><\/td>\n<\/tr>\n<tr>\n<td><a href=\"\/fr\/?page_id=147\" target=\"_self\">Grande-Bretagne<\/a><\/td>\n<td>Commission and Association for Armigerous Families of Great Britain (AFGB)<\/td>\n<td><\/td>\n<\/tr>\n<tr>\n<td><a href=\"\/fr\/?page_id=149\" target=\"_self\">Hongrie<\/a><\/td>\n<td>Magyar T\u00f6rt\u00e9nelmi Csal\u00e1dok Egyes\u00fclete (MTCSE)<\/td>\n<td><a href=\"http:\/\/www.nobilitas.hu\" target=\"_blank\" rel=\"noopener noreferrer\">www.nobilitas.hu<\/a><\/td>\n<\/tr>\n<tr>\n<td><a href=\"\/fr\/?page_id=151\" target=\"_self\">Italie<\/a><\/td>\n<td>Corpo della Nobilt\u00e0 Italiana (CNI)<\/td>\n<td><a href=\"http:\/\/corpodellanobiltaitaliana.it\" target=\"_blank\" rel=\"noopener noreferrer\">corpodellanobiltaitaliana.it<\/a><\/td>\n<\/tr>\n<tr>\n<td><a href=\"\/fr\/?page_id=153\" target=\"_self\">Malte<\/a><\/td>\n<td>Committee of Privileges of the Maltese Nobility<\/td>\n<td><a href=\"http:\/\/www.maltesenobility.com\" target=\"_blank\" rel=\"noopener noreferrer\">www.maltesenobility.com<\/a><\/td>\n<\/tr>\n<tr>\n<td><a href=\"\/fr\/?page_id=155\" target=\"_self\">Pays-Bas<\/a><\/td>\n<td>Nederlandse Adelsvereniging (NAV)<\/td>\n<td><a href=\"http:\/\/www.adelsvereniging.nl\" target=\"_blank\" rel=\"noopener noreferrer\">www.adelsvereniging.nl<\/a><\/td>\n<\/tr>\n<tr>\n<td>Pologne<\/td>\n<td>Nobilitas Poloniae<\/td>\n<td><\/td>\n<\/tr>\n<tr>\n<td><a href=\"\/fr\/?page_id=157\" target=\"_self\">Portugal<\/a><\/td>\n<td>Associa\u00e7\u00e3o da Nobreza Hist\u00f3rica de Portugal (ANHP)<\/td>\n<td><\/td>\n<\/tr>\n<tr>\n<td><a href=\"\/fr\/?page_id=159\" target=\"_self\">Russie<\/a><\/td>\n<td>Union de la Noblesse Russe (UNR)<\/td>\n<td><a href=\"http:\/\/www.noblesse-russie.org\" target=\"_blank\" rel=\"noopener noreferrer\">www.noblesse-russie.org<br \/>\n<\/a><\/td>\n<\/tr>\n<tr>\n<td><a href=\"\/fr\/?page_id=3535\" target=\"_self\">Saint Si\u00e8ge<\/a><\/td>\n<td>R\u00e9union de la Noblesse Pontificale (RNP)<\/td>\n<td><a href=\"http:\/\/www.noblesse-pontificale.org\" target=\"_blank\" rel=\"noopener noreferrer\">www.noblesse-pontificale.org<\/a><\/td>\n<\/tr>\n<tr>\n<td><a href=\"\/fr\/?page_id=161\" target=\"_self\">Su\u00e8de<\/a><\/td>\n<td>Riddarhuset<\/td>\n<td><a href=\"http:\/\/www.riddarhuset.se\" target=\"_blank\" rel=\"noopener noreferrer\">www.riddarhuset.se<\/a><\/td>\n<\/tr>\n<tr>\n<td><a href=\"\/fr\/?page_id=163\" target=\"_self\">Suisse<\/a><\/td>\n<td>Association de Familles Suisses (AFS)<\/td>\n<td><a href=\"http:\/\/www.afsuisses.ch\" target=\"_blank\" rel=\"noopener noreferrer\">www.afsuisses.ch<\/a><\/td>\n<\/tr>\n<tr>\n<th colspan=\"3\" align=\"center\" bgcolor=\"#666666\">Representations<\/th>\n<\/tr>\n<tr>\n<td>Verband der  Baltischen Ritterschaften<\/td>\n<td>  Les quatre Corporations de noblesse baltes (Estonie, Livonie,  Oesel et Courlande) sont repr\u00e9sent\u00e9es \u00e0 travers  VdDA<\/td>\n<td><a href=\"https:\/\/www.baltische-ritterschaften.de\" target=\"_blank\" rel=\"noopener noreferrer\">www.baltische-ritterschaften.de<\/a><\/td>\n<\/tr>\n<tr>\n<th colspan=\"3\" align=\"center\" bgcolor=\"#666666\">Invit\u00e9<\/th>\n<\/tr>\n<tr>\n<td>Autriche<\/td>\n<td>&nbsp;<\/td>\n<td>&nbsp;<\/td>\n<\/tr>\n<\/tbody>\n<\/table>","protected":false},"excerpt":{"rendered":"<p>Pays et Associations membres Countries and Member Associations Pays Association Site web Allemagne Vereinigung der Deutschen Adelsverb\u00e4nde (VdDA) www.adel-in-deutschland.de Belgique&hellip;<\/p>","protected":false},"author":2,"featured_media":0,"parent":2788,"menu_order":0,"comment_status":"closed","ping_status":"closed","template":"","meta":{"footnotes":""},"class_list":["post-1998","page","type-page","status-publish","hentry"],"jetpack_sharing_enabled":true,"_links":{"self":[{"href":"https:\/\/cilane.eu\/fr\/wp-json\/wp\/v2\/pages\/1998","targetHints":{"allow":["GET"]}}],"collection":[{"href":"https:\/\/cilane.eu\/fr\/wp-json\/wp\/v2\/pages"}],"about":[{"href":"https:\/\/cilane.eu\/fr\/wp-json\/wp\/v2\/types\/page"}],"author":[{"embeddable":true,"href":"https:\/\/cilane.eu\/fr\/wp-json\/wp\/v2\/users\/2"}],"replies":[{"embeddable":true,"href":"https:\/\/cilane.eu\/fr\/wp-json\/wp\/v2\/comments?post=1998"}],"version-history":[{"count":33,"href":"https:\/\/cilane.eu\/fr\/wp-json\/wp\/v2\/pages\/1998\/revisions"}],"predecessor-version":[{"id":5051,"href":"https:\/\/cilane.eu\/fr\/wp-json\/wp\/v2\/pages\/1998\/revisions\/5051"}],"up":[{"embeddable":true,"href":"https:\/\/cilane.eu\/fr\/wp-json\/wp\/v2\/pages\/2788"}],"wp:attachment":[{"href":"https:\/\/cilane.eu\/fr\/wp-json\/wp\/v2\/media?parent=1998"}],"curies":[{"name":"wp","href":"https:\/\/api.w.org\/{rel}","templated":true}]}}