{"id":2,"date":"2018-08-02T17:05:26","date_gmt":"2018-08-02T17:05:26","guid":{"rendered":"http:\/\/cilane.cluster012.ovh.net\/?page_id=2"},"modified":"2025-04-07T14:19:21","modified_gmt":"2025-04-07T14:19:21","slug":"sample-page","status":"publish","type":"page","link":"https:\/\/cilane.eu\/fr\/","title":{"rendered":"Welcome"},"content":{"rendered":"<p><!-- <img fetchpriority=\"high\" decoding=\"async\" class=\"aligncenter wp-image-3051 size-large\" src=\"https:\/\/cilane.eu\/wp-content\/uploads\/2021\/04\/Banner-v12-1024x348.jpg\" alt=\"\" width=\"688\" height=\"234\" srcset=\"https:\/\/cilane.eu\/wp-content\/uploads\/2021\/04\/Banner-v12-1024x348.jpg 1024w, https:\/\/cilane.eu\/wp-content\/uploads\/2021\/04\/Banner-v12-300x102.jpg 300w, https:\/\/cilane.eu\/wp-content\/uploads\/2021\/04\/Banner-v12-768x261.jpg 768w, https:\/\/cilane.eu\/wp-content\/uploads\/2021\/04\/Banner-v12-1536x521.jpg 1536w, https:\/\/cilane.eu\/wp-content\/uploads\/2021\/04\/Banner-v12-2048x695.jpg 2048w, https:\/\/cilane.eu\/wp-content\/uploads\/2021\/04\/Banner-v12-16x5.jpg 16w, https:\/\/cilane.eu\/wp-content\/uploads\/2021\/04\/Banner-v12-1600x543.jpg 1600w, https:\/\/cilane.eu\/wp-content\/uploads\/2021\/04\/Banner-v12-600x204.jpg 600w\" sizes=\"(max-width: 688px) 100vw, 688px\" \/> --><\/p>\n<h2>Cher visiteur,<\/h2>\n<p align=\"justify\" class=\"translation-block\">La <strong>\u00ab Commission d'information et de liaison des associations nobles d'Europe \u00bb (CILANE)<\/strong> a \u00e9t\u00e9 cr\u00e9\u00e9e \u00e0 Paris en avril 1959 pour l'\u00e9change d'exp\u00e9riences et d'informations entre les diff\u00e9rentes associations regroupant les familles nobles d\u2019Europe.<\/p>\n<p align=\"justify\">La CILANE n'a pas de pr\u00e9sident mais plut\u00f4t un coordinateur \u00e9lu pour trois ans. La CILANE permet aux associations nationales de mener \u00e0 bien,ensemble, leurs projets. Elle organise un congr\u00e8s international tous les trois ans ainsi que des r\u00e9unions de jeunes.<\/p>\n<p align=\"justify\">La plupart des organisations repr\u00e9sent\u00e9es \u00e0 la CILANE sont des Associations issues d\u2019initiatives priv\u00e9es, en particulier dans les pays o\u00f9 les titres de noblesse ne sont plus reconnus et donc non r\u00e9glement\u00e9s par la loi.<\/p>\n<p align=\"justify\" class=\"translation-block\">Des d\u00e9l\u00e9gu\u00e9s repr\u00e9sentent leurs associations \u00e0 la CILANE pour les pays suivants : l'Allemagne, la Belgique, la Croatie, le Danemark, la Finlande, la France, la Hongrie, l'Italie, Malte, les Pays-Bas, la Pologne, le Portugal, le Royaume-Uni, la Russie, le Saint-Si\u00e8ge, la Su\u00e8de, ainsi que la Suisse.<br>\nLes quatre Corporations de noblesse baltes (Estonie, Livonie, Oesel et Courlande) sont repr\u00e9sent\u00e9es \u00e0 la CILANE \u00e0 travers la VdDA.<\/p>\n<p align=\"justify\">CILANE.eu est la plateforme d'\u00e9change pour les membres de ses associations constituantes.<\/p>\n<p align=\"justify\">Si vous \u00eates membre d'une association repr\u00e9sent\u00e9e \u00e0 la CILANE, nous vous invitons \u00e0 compl\u00e9ter le formulaire d'inscription en ligne afin d'obtenir acc\u00e8s \u00e0 ce site.<\/p>\n<p>Vous aurez acc\u00e8s (liste non-exhaustive) aux:<\/p>\n<ul>\n<li>derni\u00e8res nouvelles CILANE<\/li>\n<li>calendrier CILANE<\/li>\n<li>documents pertinents<\/li>\n<li>informations de contact<\/li>\n<\/ul>\n<div align=\"right\"><a href=\"#top\">Top<\/a><\/div>","protected":false},"excerpt":{"rendered":"<p>Dear visitor, The European Commission of the Nobility under the name CILANE (&#8220;Commission d&#8217;information et de liaison des associations nobles&hellip;<\/p>","protected":false},"author":1,"featured_media":0,"parent":0,"menu_order":0,"comment_status":"closed","ping_status":"open","template":"","meta":{"footnotes":""},"class_list":["post-2","page","type-page","status-publish","hentry"],"jetpack_sharing_enabled":true,"_links":{"self":[{"href":"https:\/\/cilane.eu\/fr\/wp-json\/wp\/v2\/pages\/2","targetHints":{"allow":["GET"]}}],"collection":[{"href":"https:\/\/cilane.eu\/fr\/wp-json\/wp\/v2\/pages"}],"about":[{"href":"https:\/\/cilane.eu\/fr\/wp-json\/wp\/v2\/types\/page"}],"author":[{"embeddable":true,"href":"https:\/\/cilane.eu\/fr\/wp-json\/wp\/v2\/users\/1"}],"replies":[{"embeddable":true,"href":"https:\/\/cilane.eu\/fr\/wp-json\/wp\/v2\/comments?post=2"}],"version-history":[{"count":33,"href":"https:\/\/cilane.eu\/fr\/wp-json\/wp\/v2\/pages\/2\/revisions"}],"predecessor-version":[{"id":4852,"href":"https:\/\/cilane.eu\/fr\/wp-json\/wp\/v2\/pages\/2\/revisions\/4852"}],"wp:attachment":[{"href":"https:\/\/cilane.eu\/fr\/wp-json\/wp\/v2\/media?parent=2"}],"curies":[{"name":"wp","href":"https:\/\/api.w.org\/{rel}","templated":true}]}}