{"id":2788,"date":"2021-02-15T19:54:36","date_gmt":"2021-02-15T19:54:36","guid":{"rendered":"https:\/\/cilane.eu\/?page_id=2788"},"modified":"2021-03-25T21:46:17","modified_gmt":"2021-03-25T21:46:17","slug":"member-associations","status":"publish","type":"page","link":"https:\/\/cilane.eu\/fr\/what-is-cilane\/member-associations\/","title":{"rendered":"Member Associations"},"content":{"rendered":"<h2>Associations-membres<\/h2>\n<p align=\"justify\" class=\"translation-block\">Les associations-membres sont tenues d'appliquer la loi de la noblesse de leur pays. Tous les membres de plein droit de ces associations doivent \u00eatre nobles, conform\u00e9ment au droit public du pays concern\u00e9, c'est-\u00e0-dire \u00e0 la loi actuellement en vigueur o\u00f9 la noblesse est l\u00e9galement reconnue ou bien \u00e0 la loi historique au moment de la derni\u00e8re reconnaissance l\u00e9gale de la noblesse, et il doit y avoir un acte public de noblesse pour la famille en question de la p\u00e9riode appropri\u00e9e. (Dans certains pays, il existe une situation hybride, o\u00f9 la noblesse en tant que qualit\u00e9 n'est plus l\u00e9galement reconnue, mais o\u00f9 les titres de noblesse ordinaires sont toujours soumis \u00e0 la reconnaissance et au contr\u00f4le officiels.)<\/p>\n<h3>Familles nobles \u00e9trang\u00e8res<\/h3>\n<p align=\"justify\">Lorsque des membres de familles nobles \u00e9trang\u00e8res sont admis au sein d\u2019une association-membre, ils doivent \u00eatre nobles, conform\u00e9ment \u00e0 la loi du pays dans lequel leur noblesse a \u00e9t\u00e9 conf\u00e9r\u00e9e ou reconnue, et les personnes concern\u00e9es doivent au pr\u00e9alable avoir valid\u00e9 leurs preuves aupr\u00e8s de l'association-membre repr\u00e9sentant la noblesse de ce pays.<\/p>\n<h3>Changements de fronti\u00e8re<\/h3>\n<p align=\"justify\">Il se peut, \u00e0 la suite de changements de fronti\u00e8res, qu'un pays poss\u00e9dant une noblesse historique n'existe plus \u00e0 l'int\u00e9rieur de ses anciennes fronti\u00e8res, mais que son territoire soit divis\u00e9 entre un certain nombre d'\u00c9tats o\u00f9 la noblesse n'est pas l\u00e9galement reconnue. Dans une telle situation, sauf lorsqu'il existe des structures nobles corporatives autonomes reconnues en droit public, la noblesse historique devrait \u00eatre repr\u00e9sent\u00e9e par une seule association.<\/p>\n<h3>Preuves de noblesse<\/h3>\n<p align=\"justify\">Les associations-membres doivent informer la CILANE de la liste compl\u00e8te des preuves de noblesse accept\u00e9es par elles, ainsi que des principes de transmission, mais ne doivent pas elles-m\u00eames pr\u00e9tendre conf\u00e9rer la noblesse, les honneurs, les titres ou les d\u00e9corations. Une seule association est admise pour chaque pays, qui doit \u00eatre repr\u00e9sentative de la noblesse dans son ensemble - titr\u00e9e et sans titre - sans consid\u00e9ration religieuse ou politique.<\/p>\n<h3>Structure interne<\/h3>\n<p align=\"justify\">Les associations-membres ne se conforment cependant pas \u00e0 un mod\u00e8le interne unique. Certaines sont des structures corporatives qui incluent historiquement toute la noblesse nationale, d'autres sont des associations bas\u00e9es sur l'abonnement, et l\u2019une d\u2019entre elles est une f\u00e9d\u00e9ration d'associations r\u00e9gionales. D'autres encore ont leurs origines dans des conseils h\u00e9raldiques consultatifs officiels ou des comit\u00e9s de privil\u00e8ges.<\/p>\n<p align=\"justify\">Il existe actuellement seize associations-membres, chacune envoie un(e) d\u00e9l\u00e9gu\u00e9(e) \u00e0 la CILANE. Les particuliers ne peuvent pas en tant que tels \u00eatre membres de la CILANE, mais adh\u00e9rer \u00e0 la Commission ou participer aux programmes de la CILANE en tant que membres de leurs propres association de noblesse nationale.<\/p>\n<div align=\"right\"><a href=\"#\">Top<\/a><\/div>","protected":false},"excerpt":{"rendered":"<p>Members Associations Member Associations are required to apply the law of nobility of their country. All full members of associations&hellip;<\/p>","protected":false},"author":2,"featured_media":0,"parent":165,"menu_order":0,"comment_status":"closed","ping_status":"closed","template":"","meta":{"footnotes":""},"class_list":["post-2788","page","type-page","status-publish","hentry"],"jetpack_sharing_enabled":true,"_links":{"self":[{"href":"https:\/\/cilane.eu\/fr\/wp-json\/wp\/v2\/pages\/2788","targetHints":{"allow":["GET"]}}],"collection":[{"href":"https:\/\/cilane.eu\/fr\/wp-json\/wp\/v2\/pages"}],"about":[{"href":"https:\/\/cilane.eu\/fr\/wp-json\/wp\/v2\/types\/page"}],"author":[{"embeddable":true,"href":"https:\/\/cilane.eu\/fr\/wp-json\/wp\/v2\/users\/2"}],"replies":[{"embeddable":true,"href":"https:\/\/cilane.eu\/fr\/wp-json\/wp\/v2\/comments?post=2788"}],"version-history":[{"count":5,"href":"https:\/\/cilane.eu\/fr\/wp-json\/wp\/v2\/pages\/2788\/revisions"}],"predecessor-version":[{"id":2991,"href":"https:\/\/cilane.eu\/fr\/wp-json\/wp\/v2\/pages\/2788\/revisions\/2991"}],"up":[{"embeddable":true,"href":"https:\/\/cilane.eu\/fr\/wp-json\/wp\/v2\/pages\/165"}],"wp:attachment":[{"href":"https:\/\/cilane.eu\/fr\/wp-json\/wp\/v2\/media?parent=2788"}],"curies":[{"name":"wp","href":"https:\/\/api.w.org\/{rel}","templated":true}]}}