{"id":2858,"date":"2021-03-06T16:23:37","date_gmt":"2021-03-06T16:23:37","guid":{"rendered":"https:\/\/cilane.eu\/?page_id=2858"},"modified":"2022-10-14T10:33:18","modified_gmt":"2022-10-14T10:33:18","slug":"espagne","status":"publish","type":"page","link":"https:\/\/cilane.eu\/fr\/what-is-cilane\/member-associations\/associations-list\/espagne\/","title":{"rendered":"Espagne"},"content":{"rendered":"<h2>Espagne<\/h2>\n<p align=\"justify\">The <em>J\u00f3venes de la Nobleza Espa\u00f1ola (JNE)<\/em> are eligible to attend International weekends and Congresses. Members of this group come from families belonging to one of the aftermentioned historic noble corporations or must have proved their nobility in the male line prior to 1837 to the satisfaction of the corresponding member of the sous-commission.<\/p>\n<p align=\"justify\">The historic Spanish nobility is based <strong>either<\/strong> on possession of a legal title recognised by the Ministry of Justice, <strong>or<\/strong> descent from the holder of such a title through the legitimate male line, <strong>or<\/strong> descent through the legitimate male line from an ancestor in possession nobility prior to 1837 (as proved by appropriate acts in public law over three generations).<\/p>\n<p align=\"justify\">The following historic noble corporations are in principle eligible to attend CILANE meetings as observers: <em>Diputaci\u00f3n Permanente y Consejo de la Grandeza de Espa\u00f1a, Military Orders of Santiago, Calatrava, Alc\u00e1ntara and Montesa, Reales Maestranzas de Caballer\u00eda de Sevilla, de Ronda, de Granada, de Valencia y de Zaragoza, Real Cuerpo de la Nobleza de Madrid, Real Cuerpo de la Nobleza de Catalu\u00f1a, <\/em>and<em> Junta de Nobles Linajes de Segovia<\/em>.<\/p>\n<p align=\"justify\">A number of members of these corporations already attend meetings of CILANE, including Congresses, as observers on a regular basis, and provide for <em>Jugendaustausch<\/em> exchanges. A corresponding member of the sous-commission for nobility law is appointed by the <em>Real Consejo de las \u00d3rdenes Militares<\/em>.<\/p>","protected":false},"excerpt":{"rendered":"<p>Spain The J\u00f3venes de la Nobleza Espa\u00f1ola (JNE) are eligible to attend International weekends and Congresses. Members of this group&hellip;<\/p>","protected":false},"author":2,"featured_media":0,"parent":1998,"menu_order":0,"comment_status":"closed","ping_status":"closed","template":"","meta":{"footnotes":""},"class_list":["post-2858","page","type-page","status-publish","hentry"],"jetpack_sharing_enabled":true,"_links":{"self":[{"href":"https:\/\/cilane.eu\/fr\/wp-json\/wp\/v2\/pages\/2858","targetHints":{"allow":["GET"]}}],"collection":[{"href":"https:\/\/cilane.eu\/fr\/wp-json\/wp\/v2\/pages"}],"about":[{"href":"https:\/\/cilane.eu\/fr\/wp-json\/wp\/v2\/types\/page"}],"author":[{"embeddable":true,"href":"https:\/\/cilane.eu\/fr\/wp-json\/wp\/v2\/users\/2"}],"replies":[{"embeddable":true,"href":"https:\/\/cilane.eu\/fr\/wp-json\/wp\/v2\/comments?post=2858"}],"version-history":[{"count":4,"href":"https:\/\/cilane.eu\/fr\/wp-json\/wp\/v2\/pages\/2858\/revisions"}],"predecessor-version":[{"id":3725,"href":"https:\/\/cilane.eu\/fr\/wp-json\/wp\/v2\/pages\/2858\/revisions\/3725"}],"up":[{"embeddable":true,"href":"https:\/\/cilane.eu\/fr\/wp-json\/wp\/v2\/pages\/1998"}],"wp:attachment":[{"href":"https:\/\/cilane.eu\/fr\/wp-json\/wp\/v2\/media?parent=2858"}],"curies":[{"name":"wp","href":"https:\/\/api.w.org\/{rel}","templated":true}]}}