{"id":3535,"date":"2022-04-04T10:38:58","date_gmt":"2022-04-04T10:38:58","guid":{"rendered":"https:\/\/cilane.eu\/?page_id=3535"},"modified":"2025-12-03T12:31:46","modified_gmt":"2025-12-03T12:31:46","slug":"saint-siege","status":"publish","type":"page","link":"https:\/\/cilane.eu\/fr\/what-is-cilane\/member-associations\/associations-list\/saint-siege\/","title":{"rendered":"Saint Si\u00e8ge"},"content":{"rendered":"<h2 style=\"text-align: center;\">R.N.P.<br \/>\n<em>R\u00e9union de la Noblesse Pontificale<\/em><\/h2>\n<p><img decoding=\"async\" class=\"aligncenter wp-image-5038 size-thumbnail\" src=\"https:\/\/cilane.eu\/wp-content\/uploads\/2025\/12\/RNP-logo-150x150.png\" alt=\"\" width=\"150\" height=\"150\" srcset=\"https:\/\/cilane.eu\/wp-content\/uploads\/2025\/12\/RNP-logo-150x150.png 150w, https:\/\/cilane.eu\/wp-content\/uploads\/2025\/12\/RNP-logo-300x300.png 300w, https:\/\/cilane.eu\/wp-content\/uploads\/2025\/12\/RNP-logo-768x769.png 768w, https:\/\/cilane.eu\/wp-content\/uploads\/2025\/12\/RNP-logo-12x12.png 12w, https:\/\/cilane.eu\/wp-content\/uploads\/2025\/12\/RNP-logo-600x601.png 600w, https:\/\/cilane.eu\/wp-content\/uploads\/2025\/12\/RNP-logo-100x100.png 100w, https:\/\/cilane.eu\/wp-content\/uploads\/2025\/12\/RNP-logo.png 960w\" sizes=\"(max-width: 150px) 100vw, 150px\" \/><\/p>\n<p align=\"justify\">La R\u00e9union de la Noblesse Pontificale (RNP), a \u00e9t\u00e9 cr\u00e9\u00e9e en 1983 avec l\u2019objectif de r\u00e9unir les membres des familles de noblesse pontificale quelle que soit leur nationalit\u00e9, c'est-\u00e0-dire celles dans le monde ayant re\u00e7u des souverains pontifes un titre de noblesse h\u00e9r\u00e9ditaire. A c\u00f4t\u00e9 des familles fran\u00e7aises, elle a accueilli rapidement des familles allemandes, belges, italiennes, libanaises, n\u00e9erlandaises, su\u00e9doises ou suisses.<\/p>\n<p align=\"justify\">Parrain\u00e9e par l\u2019Association d\u2019entraide de la Noblesse Fran\u00e7aise (ANF) et par le Corpo della Nobilta Italiana (CNI), la RNP a \u00e9t\u00e9 reconnue au niveau europ\u00e9en en 1996 par son admission \u00e0 l\u2019unanimit\u00e9 \u00e0 la Commission d\u2019Information et de Liaison des Associations Nobles d\u2019Europe (CILANE). Elle entretient ainsi des rapports \u00e9troits avec les dix-sept autres associations de noblesse d\u2019Europe. Elle a cr\u00e9\u00e9 une section en Belgique.<\/p>\n<p align=\"justify\">Son conseil d\u2019administration comprend des membres, \u00e9lus par l\u2019assembl\u00e9e g\u00e9n\u00e9rale, de familles d\u2019origine allemande, belge, fran\u00e7aise et italienne. Les membres belges sont propos\u00e9s par la section belge. Les membres italiens sont repr\u00e9sent\u00e9s au conseil par un membre d\u2019une famille princi\u00e8re romaine propos\u00e9 par le Corpo della Nobilita Italiana.<\/p>\n<p align=\"justify\">La RNP a \u00e9t\u00e9 cr\u00e9\u00e9e en accord avec le Nonce apostolique repr\u00e9sentant du Saint-Si\u00e8ge en France et entretient les rapports les plus \u00e9troits avec les diff\u00e9rents Nonces, qui pr\u00e9sident la messe annuelle de l\u2019association. Le Vatican lui ouvre les portes de ses services d\u2019Archives pour qu\u2019elle acc\u00e8de aux \u00e9l\u00e9ments n\u00e9cessaires \u00e0 la v\u00e9rification des titres pontificaux des familles dont un ou plusieurs membres d\u00e9sirent adh\u00e9rer. Elle b\u00e9n\u00e9ficie comme chapelain d\u2019un \u00e9v\u00eaque \u00e9m\u00e9rite propos\u00e9 et nomm\u00e9 par l\u2019archev\u00eaque de Paris.<\/p>\n<p align=\"justify\">Les titres de noblesse accord\u00e9s par les souverains pontifes ont \u00e9t\u00e9 peu nombreux en comparaison des titres accord\u00e9s par les autres souverains europ\u00e9ens, et le r\u00e8glement des preuves fait l\u2019objet \u2013 notamment sous l\u2019\u00e9gide des Commissaires aux preuves de l\u2019association \u2013 de l\u2019application la plus rigoureuse.<\/p>\n<p align=\"justify\">Outre sa sp\u00e9cificit\u00e9 de regrouper des familles de toutes nationalit\u00e9s, la RNP rassemble des familles dont les anc\u00eatres ont re\u00e7u des titres h\u00e9r\u00e9ditaires, non pas pour leur attachement \u00e0 un souverain ou pour un service rendu \u00e0 une cause monarchique, mais pour leur fid\u00e9lit\u00e9 au Si\u00e8ge de Pierre et aux id\u00e9aux les plus \u00e9lev\u00e9s de la foi. C\u2019est ce que rappellent les brefs d\u2019anoblissement d\u00e9livr\u00e9s.<\/p>\n<p align=\"justify\">Les membres de l\u2019association et leur famille s\u2019attachent \u00e0 poursuivre cette fid\u00e9lit\u00e9 ind\u00e9fectible au Saint-Si\u00e8ge et \u00e0 l\u2019Eglise dans l\u2019esprit de solidarit\u00e9 et de service qui a caract\u00e9ris\u00e9 leur histoire.<\/p>\n<p align=\"justify\">Par ses recherches historiques, la RNP veille, en dernier lieu, \u00e0 mieux faire conna\u00eetre le r\u00f4le, l\u2019histoire et les illustrations de la noblesse pontificale.<\/p>","protected":false},"excerpt":{"rendered":"<p>R.N.P. R\u00e9union de la Noblesse Pontificale The R\u00e9union de la Noblesse Pontificale (RNP) was created in 1983 with the aim&hellip;<\/p>","protected":false},"author":2,"featured_media":0,"parent":1998,"menu_order":0,"comment_status":"closed","ping_status":"closed","template":"","meta":{"footnotes":""},"class_list":["post-3535","page","type-page","status-publish","hentry"],"jetpack_sharing_enabled":true,"_links":{"self":[{"href":"https:\/\/cilane.eu\/fr\/wp-json\/wp\/v2\/pages\/3535","targetHints":{"allow":["GET"]}}],"collection":[{"href":"https:\/\/cilane.eu\/fr\/wp-json\/wp\/v2\/pages"}],"about":[{"href":"https:\/\/cilane.eu\/fr\/wp-json\/wp\/v2\/types\/page"}],"author":[{"embeddable":true,"href":"https:\/\/cilane.eu\/fr\/wp-json\/wp\/v2\/users\/2"}],"replies":[{"embeddable":true,"href":"https:\/\/cilane.eu\/fr\/wp-json\/wp\/v2\/comments?post=3535"}],"version-history":[{"count":5,"href":"https:\/\/cilane.eu\/fr\/wp-json\/wp\/v2\/pages\/3535\/revisions"}],"predecessor-version":[{"id":5041,"href":"https:\/\/cilane.eu\/fr\/wp-json\/wp\/v2\/pages\/3535\/revisions\/5041"}],"up":[{"embeddable":true,"href":"https:\/\/cilane.eu\/fr\/wp-json\/wp\/v2\/pages\/1998"}],"wp:attachment":[{"href":"https:\/\/cilane.eu\/fr\/wp-json\/wp\/v2\/media?parent=3535"}],"curies":[{"name":"wp","href":"https:\/\/api.w.org\/{rel}","templated":true}]}}